{"id":302,"date":"2020-12-14T17:10:06","date_gmt":"2020-12-14T16:10:06","guid":{"rendered":"https:\/\/www.topigeon.cz\/?post_type=product&#038;p=302"},"modified":"2025-03-14T03:09:08","modified_gmt":"2025-03-14T02:09:08","slug":"pripravky-pro-holuby","status":"publish","type":"product","link":"https:\/\/www.topigeon.cz\/?product=pripravky-pro-holuby","title":{"rendered":"ALGASOL BD"},"content":{"rendered":"<p>ALGASOL BD<br \/>\nHydrolyz\u00e1t mo\u0159sk\u00e9 \u0159asy, upraven\u00fd pro p\u0159id\u00e1v\u00e1n\u00ed do nap\u00e1jec\u00ed vody.<br \/>\nP\u016fsob\u00ed p\u0159\u00edzniv\u011b na rozvoj \u017eaIude\u010dn\u00ed a st\u0159evn\u00ed mikrofl\u00f3ry, zefektiv\u0148uje tr\u00e1ven\u00ed v tenk\u00e9m st\u0159ev\u011b a zrychluje p\u0159ed\u00e1n\u00ed \u017eivin<br \/>\ndo krevniho re\u010di\u0161t\u011b.<br \/>\nTo v\u0161e p\u016fsob\u00ed na Iep\u0161\u00ed v\u00fd\u017eivovou kondici organizmu, zvy\u0161uje v\u00fdkon a zlep\u0161uje konverzi krmiva.<br \/>\nDal\u0161\u00edmi efekty p\u0159i pou\u017eit\u00ed p\u0159\u00edpravku je sn\u00ed\u017een\u00ed obsahu amoniaku (NH3) ve vyprodukovan\u00e9m trusu o 40-50%, sn\u00ed\u017een\u00ed<br \/>\nobsahu sirovod\u00edku.<br \/>\nP\u0159\u00edm\u00e9 efekty aplikace ALGASOLu BD<br \/>\n\u2022 Zlep\u0161en\u00ed konverze krmiva<br \/>\n\u2022 Zlep\u0161en\u00ed zdravotn\u00edho stavu, celkov\u00e9 kondice a v\u00fdkonu<br \/>\n\u2022 Zlep\u0161en\u00ed reproduk\u010dn\u00edch schopnost\u00ed<br \/>\n\u2022 Sn\u00ed\u017een\u00ed \u00fahynu<br \/>\n\u2022 Sn\u00ed\u017een\u00ed emis\u00ed amoniaku ve vyprodukovan\u00e9m trusu o 40-50%<br \/>\n\u2022 Vyprodukovan\u00fd trus rychleji fermentuje, m\u00e1 vy\u0161\u0161\u00ed obsah dus\u00edku a je kvalitn\u011bj\u0161\u00edm hnojivem<br \/>\nD\u00e1vkov\u00e1n\u00ed ALGASOLu BD<br \/>\n\u2022 do nap\u00e1jec\u00ed vody v pom\u011bru 1 : 1500, nebo v d\u00e1vce 5 ml na 100 kg \u017eiv\u00e9 v\u00e1hy<br \/>\n\u2022 pokud je pot\u0159eba rychle sn\u00ed\u017eit mno\u017estv\u00ed uvoln\u011bn\u00e9ho amoniaku a zrychlit fermentaci, je mo\u017eno aplikovat p\u0159\u00edpravek<br \/>\np\u0159\u00edmo na trus rozprachem, \u0159ed\u011bn\u00fd vodou 1 : 100<br \/>\nZ\u00e1sady aplikace<br \/>\n\uf0b7 n\u00e1doby pou\u017eit\u00e9 pro p\u0159\u00edpravu roztoku mus\u00ed b\u00fdt \u010dist\u00e9 bez zbytk\u016f chemick\u00fdch l\u00e1tek a dezinfekc\u00ed p\u0159\u00edpravek ne\u0159ed\u00edme do<br \/>\nz\u00e1soby, ale t\u011bsn\u011b p\u0159ed aplikac\u00ed<br \/>\nZ\u00e1sady manipulace a ochrany zdrav\u00ed p\u0159i pr\u00e1ci<br \/>\n\uf0b7 p\u0159\u00edpravek v pracovn\u00edm roztoku je ne\u0161kodn\u00fd<br \/>\n\uf0b7 p\u0159i n\u00e1hodn\u00e9m po\u017eit\u00ed koncentr\u00e1tu vyp\u00edt v\u011bt\u0161\u00ed mno\u017estv\u00ed vody<br \/>\n\uf0b7 p\u0159i zasa\u017een\u00ed o\u010d\u00ed koncentr\u00e1tem, vypl\u00e1chn\u011bte o\u010di v\u011bt\u0161\u00edm mno\u017estv\u00edm \u010dist\u00e9 vody a vyhledejte l\u00e9ka\u0159e<br \/>\nZ\u00e1sady skladov\u00e1n\u00ed<br \/>\n\uf0b7 p\u0159\u00edpravek skladovat v chladu a temnu, nevystavovat extr\u00e9mn\u00edm teplot\u00e1m, mrazu a slune\u010dn\u00edmu z\u00e1\u0159en\u00ed<br \/>\nZ\u00e1ru\u010dn\u00ed doba<br \/>\n\uf0b7 p\u0159i dodr\u017een\u00ed skladovac\u00edch podm\u00ednek m\u00e1 p\u0159\u00edpravek z\u00e1ru\u010dn\u00ed dobu 2 roky od data v\u00fdroby<br \/>\nBalen\u00ed<br \/>\n\uf0b7 ALGASOL BD je balen v 5-ti litrov\u00fdch plastikov\u00fdch kanystrech<\/p>\n","protected":false},"excerpt":{"rendered":"<p>Algasol BD je p\u0159\u00edpravek na b\u00e1zi mo\u0159sk\u00e9 \u0159asy. Pou\u017e\u00edv\u00e1 se do nap\u00e1jec\u00ed vody pro po\u0161tovn\u00ed holuby v d\u00e1vkov\u00e1n\u00ed 1m na 1,5l vody.<\/p>\n","protected":false},"featured_media":303,"template":"","meta":[],"product_brand":[],"product_cat":[41],"product_tag":[40,39],"class_list":{"0":"post-302","1":"product","2":"type-product","3":"status-publish","4":"has-post-thumbnail","6":"product_cat-pripravky-pro-holuby","7":"product_tag-algasol","8":"product_tag-pripravky-do-napajeci-vody","10":"first","11":"instock","12":"sale","13":"taxable","14":"shipping-taxable","15":"purchasable","16":"product-type-simple"},"yoast_head":"<!-- This site is optimized with the Yoast SEO plugin v27.2 - https:\/\/yoast.com\/product\/yoast-seo-wordpress\/ -->\n<title>ALGASOL BD<\/title>\n<meta name=\"description\" content=\"p\u0159\u00edpravky pro po\u0161tovn\u00ed holuby\" \/>\n<meta name=\"robots\" content=\"index, follow, max-snippet:-1, max-image-preview:large, max-video-preview:-1\" \/>\n<link rel=\"canonical\" href=\"https:\/\/www.topigeon.cz\/?product=pripravky-pro-holuby\" \/>\n<meta property=\"og:locale\" content=\"cs_CZ\" \/>\n<meta property=\"og:locale:alternate\" content=\"pl_PL\" \/>\n<meta property=\"og:type\" content=\"article\" \/>\n<meta property=\"og:title\" content=\"ALGASOL BD\" \/>\n<meta property=\"og:description\" content=\"p\u0159\u00edpravky pro po\u0161tovn\u00ed holuby\" \/>\n<meta property=\"og:url\" content=\"https:\/\/www.topigeon.cz\/?product=pripravky-pro-holuby\" \/>\n<meta property=\"og:site_name\" content=\"topigeon\" \/>\n<meta property=\"article:publisher\" content=\"https:\/\/www.facebook.com\/CihakRacingPigeons\" \/>\n<meta property=\"article:modified_time\" content=\"2025-03-14T02:09:08+00:00\" \/>\n<meta property=\"og:image\" content=\"https:\/\/www.topigeon.cz\/wp-content\/uploads\/2020\/12\/131411233_3324133197715140_243265386016070918_o.jpg\" \/>\n\t<meta property=\"og:image:width\" content=\"1280\" \/>\n\t<meta property=\"og:image:height\" content=\"640\" \/>\n\t<meta property=\"og:image:type\" content=\"image\/jpeg\" \/>\n<meta name=\"twitter:card\" content=\"summary_large_image\" \/>\n<meta name=\"twitter:site\" content=\"@TopigeonE\" \/>\n<meta name=\"twitter:label1\" content=\"Odhadovan\u00e1 doba \u010dten\u00ed\" \/>\n\t<meta name=\"twitter:data1\" content=\"2 minuty\" \/>\n<script type=\"application\/ld+json\" class=\"yoast-schema-graph\">{\"@context\":\"https:\/\/schema.org\",\"@graph\":[{\"@type\":\"WebPage\",\"@id\":\"https:\/\/www.topigeon.cz\/pl\/?product=pripravky-pro-holuby\",\"url\":\"https:\/\/www.topigeon.cz\/pl\/?product=pripravky-pro-holuby\",\"name\":\"ALGASOL BD\",\"isPartOf\":{\"@id\":\"https:\/\/www.topigeon.cz\/#website\"},\"primaryImageOfPage\":{\"@id\":\"https:\/\/www.topigeon.cz\/pl\/?product=pripravky-pro-holuby#primaryimage\"},\"image\":{\"@id\":\"https:\/\/www.topigeon.cz\/pl\/?product=pripravky-pro-holuby#primaryimage\"},\"thumbnailUrl\":\"https:\/\/www.topigeon.cz\/wp-content\/uploads\/2020\/12\/131411233_3324133197715140_243265386016070918_o.jpg\",\"datePublished\":\"2020-12-14T16:10:06+00:00\",\"dateModified\":\"2025-03-14T02:09:08+00:00\",\"description\":\"p\u0159\u00edpravky pro po\u0161tovn\u00ed holuby\",\"breadcrumb\":{\"@id\":\"https:\/\/www.topigeon.cz\/pl\/?product=pripravky-pro-holuby#breadcrumb\"},\"inLanguage\":\"cs-CZ\",\"potentialAction\":[{\"@type\":\"ReadAction\",\"target\":[\"https:\/\/www.topigeon.cz\/pl\/?product=pripravky-pro-holuby\"]}]},{\"@type\":\"ImageObject\",\"inLanguage\":\"cs-CZ\",\"@id\":\"https:\/\/www.topigeon.cz\/pl\/?product=pripravky-pro-holuby#primaryimage\",\"url\":\"https:\/\/www.topigeon.cz\/wp-content\/uploads\/2020\/12\/131411233_3324133197715140_243265386016070918_o.jpg\",\"contentUrl\":\"https:\/\/www.topigeon.cz\/wp-content\/uploads\/2020\/12\/131411233_3324133197715140_243265386016070918_o.jpg\",\"width\":1280,\"height\":640},{\"@type\":\"BreadcrumbList\",\"@id\":\"https:\/\/www.topigeon.cz\/pl\/?product=pripravky-pro-holuby#breadcrumb\",\"itemListElement\":[{\"@type\":\"ListItem\",\"position\":1,\"name\":\"Home\",\"item\":\"https:\/\/www.topigeon.cz\/\"},{\"@type\":\"ListItem\",\"position\":2,\"name\":\"Ofici\u00e1ln\u00ed E-shop za\u0159\u00edzen\u00ed TOPigeon pro CZ, SK, PL, DE, FR\",\"item\":\"https:\/\/www.topigeon.cz\/\"},{\"@type\":\"ListItem\",\"position\":3,\"name\":\"ALGASOL BD\"}]},{\"@type\":\"WebSite\",\"@id\":\"https:\/\/www.topigeon.cz\/#website\",\"url\":\"https:\/\/www.topigeon.cz\/\",\"name\":\"topigeon\",\"description\":\"\",\"publisher\":{\"@id\":\"https:\/\/www.topigeon.cz\/#organization\"},\"potentialAction\":[{\"@type\":\"SearchAction\",\"target\":{\"@type\":\"EntryPoint\",\"urlTemplate\":\"https:\/\/www.topigeon.cz\/?s={search_term_string}\"},\"query-input\":{\"@type\":\"PropertyValueSpecification\",\"valueRequired\":true,\"valueName\":\"search_term_string\"}}],\"inLanguage\":\"cs-CZ\"},{\"@type\":\"Organization\",\"@id\":\"https:\/\/www.topigeon.cz\/#organization\",\"name\":\"TOPigeon Central Europe\",\"url\":\"https:\/\/www.topigeon.cz\/\",\"logo\":{\"@type\":\"ImageObject\",\"inLanguage\":\"cs-CZ\",\"@id\":\"https:\/\/www.topigeon.cz\/#\/schema\/logo\/image\/\",\"url\":\"https:\/\/www.topigeon.cz\/wp-content\/uploads\/2020\/11\/cropped-18403412_1170200123108469_8289490797163017582_n-1-3.jpg\",\"contentUrl\":\"https:\/\/www.topigeon.cz\/wp-content\/uploads\/2020\/11\/cropped-18403412_1170200123108469_8289490797163017582_n-1-3.jpg\",\"width\":300,\"height\":135,\"caption\":\"TOPigeon Central Europe\"},\"image\":{\"@id\":\"https:\/\/www.topigeon.cz\/#\/schema\/logo\/image\/\"},\"sameAs\":[\"https:\/\/www.facebook.com\/CihakRacingPigeons\",\"https:\/\/x.com\/TopigeonE\",\"https:\/\/www.youtube.com\/channel\/UCutAH-6wwjb4gP7yq3qj2Lw?view_as=subscriber\"]}]}<\/script>\n<!-- \/ Yoast SEO plugin. -->","yoast_head_json":{"title":"ALGASOL BD","description":"p\u0159\u00edpravky pro po\u0161tovn\u00ed holuby","robots":{"index":"index","follow":"follow","max-snippet":"max-snippet:-1","max-image-preview":"max-image-preview:large","max-video-preview":"max-video-preview:-1"},"canonical":"https:\/\/www.topigeon.cz\/?product=pripravky-pro-holuby","og_locale":"cs_CZ","og_type":"article","og_title":"[:cs]ALGASOL BD[:] - topigeon","og_description":"p\u0159\u00edpravky pro po\u0161tovn\u00ed holuby","og_url":"https:\/\/www.topigeon.cz\/?product=pripravky-pro-holuby","og_site_name":"topigeon","article_publisher":"https:\/\/www.facebook.com\/CihakRacingPigeons","article_modified_time":"2025-03-14T02:09:08+00:00","og_image":[{"width":1280,"height":640,"url":"https:\/\/www.topigeon.cz\/wp-content\/uploads\/2020\/12\/131411233_3324133197715140_243265386016070918_o.jpg","type":"image\/jpeg"}],"twitter_card":"summary_large_image","twitter_site":"@TopigeonE","twitter_misc":{"Odhadovan\u00e1 doba \u010dten\u00ed":"2 minuty"},"schema":{"@context":"https:\/\/schema.org","@graph":[{"@type":"WebPage","@id":"https:\/\/www.topigeon.cz\/pl\/?product=pripravky-pro-holuby","url":"https:\/\/www.topigeon.cz\/pl\/?product=pripravky-pro-holuby","name":"ALGASOL BD","isPartOf":{"@id":"https:\/\/www.topigeon.cz\/#website"},"primaryImageOfPage":{"@id":"https:\/\/www.topigeon.cz\/pl\/?product=pripravky-pro-holuby#primaryimage"},"image":{"@id":"https:\/\/www.topigeon.cz\/pl\/?product=pripravky-pro-holuby#primaryimage"},"thumbnailUrl":"https:\/\/www.topigeon.cz\/wp-content\/uploads\/2020\/12\/131411233_3324133197715140_243265386016070918_o.jpg","datePublished":"2020-12-14T16:10:06+00:00","dateModified":"2025-03-14T02:09:08+00:00","description":"p\u0159\u00edpravky pro po\u0161tovn\u00ed holuby","breadcrumb":{"@id":"https:\/\/www.topigeon.cz\/pl\/?product=pripravky-pro-holuby#breadcrumb"},"inLanguage":"cs-CZ","potentialAction":[{"@type":"ReadAction","target":["https:\/\/www.topigeon.cz\/pl\/?product=pripravky-pro-holuby"]}]},{"@type":"ImageObject","inLanguage":"cs-CZ","@id":"https:\/\/www.topigeon.cz\/pl\/?product=pripravky-pro-holuby#primaryimage","url":"https:\/\/www.topigeon.cz\/wp-content\/uploads\/2020\/12\/131411233_3324133197715140_243265386016070918_o.jpg","contentUrl":"https:\/\/www.topigeon.cz\/wp-content\/uploads\/2020\/12\/131411233_3324133197715140_243265386016070918_o.jpg","width":1280,"height":640},{"@type":"BreadcrumbList","@id":"https:\/\/www.topigeon.cz\/pl\/?product=pripravky-pro-holuby#breadcrumb","itemListElement":[{"@type":"ListItem","position":1,"name":"Home","item":"https:\/\/www.topigeon.cz\/"},{"@type":"ListItem","position":2,"name":"Ofici\u00e1ln\u00ed E-shop za\u0159\u00edzen\u00ed TOPigeon pro CZ, SK, PL, DE, FR","item":"https:\/\/www.topigeon.cz\/"},{"@type":"ListItem","position":3,"name":"ALGASOL BD"}]},{"@type":"WebSite","@id":"https:\/\/www.topigeon.cz\/#website","url":"https:\/\/www.topigeon.cz\/","name":"topigeon","description":"","publisher":{"@id":"https:\/\/www.topigeon.cz\/#organization"},"potentialAction":[{"@type":"SearchAction","target":{"@type":"EntryPoint","urlTemplate":"https:\/\/www.topigeon.cz\/?s={search_term_string}"},"query-input":{"@type":"PropertyValueSpecification","valueRequired":true,"valueName":"search_term_string"}}],"inLanguage":"cs-CZ"},{"@type":"Organization","@id":"https:\/\/www.topigeon.cz\/#organization","name":"TOPigeon Central Europe","url":"https:\/\/www.topigeon.cz\/","logo":{"@type":"ImageObject","inLanguage":"cs-CZ","@id":"https:\/\/www.topigeon.cz\/#\/schema\/logo\/image\/","url":"https:\/\/www.topigeon.cz\/wp-content\/uploads\/2020\/11\/cropped-18403412_1170200123108469_8289490797163017582_n-1-3.jpg","contentUrl":"https:\/\/www.topigeon.cz\/wp-content\/uploads\/2020\/11\/cropped-18403412_1170200123108469_8289490797163017582_n-1-3.jpg","width":300,"height":135,"caption":"TOPigeon Central Europe"},"image":{"@id":"https:\/\/www.topigeon.cz\/#\/schema\/logo\/image\/"},"sameAs":["https:\/\/www.facebook.com\/CihakRacingPigeons","https:\/\/x.com\/TopigeonE","https:\/\/www.youtube.com\/channel\/UCutAH-6wwjb4gP7yq3qj2Lw?view_as=subscriber"]}]}},"_links":{"self":[{"href":"https:\/\/www.topigeon.cz\/index.php?rest_route=\/wp\/v2\/product\/302","targetHints":{"allow":["GET"]}}],"collection":[{"href":"https:\/\/www.topigeon.cz\/index.php?rest_route=\/wp\/v2\/product"}],"about":[{"href":"https:\/\/www.topigeon.cz\/index.php?rest_route=\/wp\/v2\/types\/product"}],"wp:featuredmedia":[{"embeddable":true,"href":"https:\/\/www.topigeon.cz\/index.php?rest_route=\/wp\/v2\/media\/303"}],"wp:attachment":[{"href":"https:\/\/www.topigeon.cz\/index.php?rest_route=%2Fwp%2Fv2%2Fmedia&parent=302"}],"wp:term":[{"taxonomy":"product_brand","embeddable":true,"href":"https:\/\/www.topigeon.cz\/index.php?rest_route=%2Fwp%2Fv2%2Fproduct_brand&post=302"},{"taxonomy":"product_cat","embeddable":true,"href":"https:\/\/www.topigeon.cz\/index.php?rest_route=%2Fwp%2Fv2%2Fproduct_cat&post=302"},{"taxonomy":"product_tag","embeddable":true,"href":"https:\/\/www.topigeon.cz\/index.php?rest_route=%2Fwp%2Fv2%2Fproduct_tag&post=302"}],"curies":[{"name":"wp","href":"https:\/\/api.w.org\/{rel}","templated":true}]}}