{"id":57,"date":"2020-11-16T13:57:30","date_gmt":"2020-11-16T12:57:30","guid":{"rendered":"https:\/\/www.topigeon.cz\/?post_type=product&#038;p=57"},"modified":"2025-03-18T03:38:58","modified_gmt":"2025-03-18T02:38:58","slug":"specialnibalicek-2","status":"publish","type":"product","link":"https:\/\/www.topigeon.cz\/?product=specialnibalicek-2","title":{"rendered":"2 Speci\u00e1ln\u00ed bal\u00ed\u010dek"},"content":{"rendered":"<p>Speci\u00e1ln\u00ed bal\u00ed\u010dek elektronick\u00e9ho konstatovac\u00edho syst\u00e9mu TOPigeon obsahuje:<br \/>\n1 ks elektronick\u00e9 konstatovac\u00ed hodiny iPigeon V8 v\u010detn\u011b nap\u00e1jec\u00edho zdroje<br \/>\n1 ks bra\u0161na<br \/>\n1 ks p\u0159evodn\u00ed kabel hodiny &#8211; ant\u00e9na<br \/>\n1 ks 5m p\u0159\u00edvodn\u00ed kabel k ant\u00e9n\u011b<br \/>\n1 ks 4-kan\u00e1lov\u00e1 doletov\u00e1 ant\u00e9na (IP66, 53 x 17 cm)<br \/>\n1 ks Dr\u017e\u00e1k hodin na st\u011bnu<br \/>\n50 ks \u010dip\u016f TOPigeon<br \/>\nV p\u0159\u00edpad\u011b objedn\u00e1vky <\/p>\n<blockquote><p>min. 3 Speci\u00e1ln\u00edch bal\u00ed\u010dk\u016f 2 do stejn\u00e9ho klubu je klubov\u00e1 jednotka (matka) ZDARMA<\/p><\/blockquote>\n<p> na z\u00e1klad\u011b<a href=\"http:\/\/topigeon.cz\/klubovajednotkazdarma.pdf\" target=\"_blank\" rel=\"noopener noreferrer\"> Smlouva o z\u00e1p\u016fj\u010dce<\/a> na domu neomezenou.<\/p>\n<p>Ke sta\u017een\u00ed:<br \/>\n<a href=\"http:\/\/topigeon.cz\/zjednodusenynavod.pdf\" target=\"_blank\" rel=\"noopener noreferrer\">Zjednodu\u0161en\u00fd n\u00e1vod<\/a><br \/>\n<a href=\"http:\/\/topigeon.cz\/iPigeon%20V8%20Club%20Manager%20uzivatelskymanual.pdf\" target=\"_blank\" rel=\"noopener noreferrer\">Pln\u00fd n\u00e1vod<\/a><br \/>\n<a href=\"http:\/\/topigeon.cz\/downloads\/ClubSys_V8_EU_TCSetup.zip\">Club manager software<\/a><br \/>\n<a href=\"http:\/\/topigeon.cz\/TOPIGEON_OLR_registration_form.pdf\" target=\"_blank\" rel=\"noopener noreferrer\">Sponzoring testovac\u00edch stanic<\/a><br \/>\n<a href=\"http:\/\/topigeon.cz\/zarucnipodminky.pdf\" target=\"_blank\" rel=\"noopener noreferrer\">Z\u00e1ru\u010dn\u00ed a servisn\u00ed podm\u00ednky<\/a><\/p>\n","protected":false},"excerpt":{"rendered":"<p>Elektronick\u00fd konstatovac\u00ed syst\u00e9m TOPigeon kompletn\u00ed \u0159e\u0161en\u00ed s 1 velkou ant\u00e9nou.<\/p>\n","protected":false},"featured_media":440,"template":"","meta":[],"product_brand":[],"product_cat":[16],"product_tag":[19,20,21],"class_list":{"0":"post-57","1":"product","2":"type-product","3":"status-publish","4":"has-post-thumbnail","6":"product_cat-eks-topigeon","7":"product_tag-eks-topigeon","8":"product_tag-konstatovaci-system","9":"product_tag-postovni-holubi","11":"first","12":"outofstock","13":"sale","14":"taxable","15":"shipping-taxable","16":"purchasable","17":"product-type-simple"},"yoast_head":"<!-- This site is optimized with the Yoast SEO plugin v27.2 - https:\/\/yoast.com\/product\/yoast-seo-wordpress\/ -->\n<title>Konstatovac\u00ed syst\u00e9m pro po\u0161tovn\u00ed holuby<\/title>\n<meta name=\"description\" content=\"EKS TOPigeon - ide\u00e1ln\u00ed \u0159e\u0161en\u00ed pro z\u00e1vody po\u0161tovn\u00edch holub\u016f. Online v\u00fdsledky.\" \/>\n<meta name=\"robots\" content=\"index, follow, max-snippet:-1, max-image-preview:large, max-video-preview:-1\" \/>\n<link rel=\"canonical\" href=\"https:\/\/www.topigeon.cz\/?product=specialnibalicek-2\" \/>\n<meta property=\"og:locale\" content=\"cs_CZ\" \/>\n<meta property=\"og:locale:alternate\" content=\"pl_PL\" \/>\n<meta property=\"og:type\" content=\"article\" \/>\n<meta property=\"og:title\" content=\"Konstatovac\u00ed syst\u00e9m pro po\u0161tovn\u00ed holuby\" \/>\n<meta property=\"og:description\" content=\"EKS TOPigeon - ide\u00e1ln\u00ed \u0159e\u0161en\u00ed pro z\u00e1vody po\u0161tovn\u00edch holub\u016f. Online v\u00fdsledky.\" \/>\n<meta property=\"og:url\" content=\"https:\/\/www.topigeon.cz\/?product=specialnibalicek-2\" \/>\n<meta property=\"og:site_name\" content=\"topigeon\" \/>\n<meta property=\"article:publisher\" content=\"https:\/\/www.facebook.com\/CihakRacingPigeons\" \/>\n<meta property=\"article:modified_time\" content=\"2025-03-18T02:38:58+00:00\" \/>\n<meta property=\"og:image\" content=\"https:\/\/www.topigeon.cz\/wp-content\/uploads\/2020\/11\/IMG_20180323_082134_resize.jpg\" \/>\n\t<meta property=\"og:image:width\" content=\"979\" \/>\n\t<meta property=\"og:image:height\" content=\"734\" \/>\n\t<meta property=\"og:image:type\" content=\"image\/jpeg\" \/>\n<meta name=\"twitter:card\" content=\"summary_large_image\" \/>\n<meta name=\"twitter:title\" content=\"Konstatovac\u00ed syst\u00e9m pro po\u0161tovn\u00ed holuby\" \/>\n<meta name=\"twitter:description\" content=\"EKS TOPigeon - ide\u00e1ln\u00ed \u0159e\u0161en\u00ed pro z\u00e1vody po\u0161tovn\u00edch holub\u016f. Online v\u00fdsledky.\" \/>\n<meta name=\"twitter:image\" content=\"https:\/\/www.topigeon.cz\/wp-content\/uploads\/2020\/11\/IMG_20180323_082134_resize.jpg\" \/>\n<meta name=\"twitter:site\" content=\"@TopigeonE\" \/>\n<meta name=\"twitter:label1\" content=\"Odhadovan\u00e1 doba \u010dten\u00ed\" \/>\n\t<meta name=\"twitter:data1\" content=\"1 minuta\" \/>\n<script type=\"application\/ld+json\" class=\"yoast-schema-graph\">{\"@context\":\"https:\/\/schema.org\",\"@graph\":[{\"@type\":\"WebPage\",\"@id\":\"https:\/\/www.topigeon.cz\/?product=specialnibalicek-2\",\"url\":\"https:\/\/www.topigeon.cz\/?product=specialnibalicek-2\",\"name\":\"Konstatovac\u00ed syst\u00e9m pro po\u0161tovn\u00ed holuby\",\"isPartOf\":{\"@id\":\"https:\/\/www.topigeon.cz\/#website\"},\"primaryImageOfPage\":{\"@id\":\"https:\/\/www.topigeon.cz\/?product=specialnibalicek-2#primaryimage\"},\"image\":{\"@id\":\"https:\/\/www.topigeon.cz\/?product=specialnibalicek-2#primaryimage\"},\"thumbnailUrl\":\"https:\/\/www.topigeon.cz\/wp-content\/uploads\/2020\/11\/IMG_20180321_163401_resize.jpg\",\"datePublished\":\"2020-11-16T12:57:30+00:00\",\"dateModified\":\"2025-03-18T02:38:58+00:00\",\"description\":\"EKS TOPigeon - ide\u00e1ln\u00ed \u0159e\u0161en\u00ed pro z\u00e1vody po\u0161tovn\u00edch holub\u016f. Online v\u00fdsledky.\",\"breadcrumb\":{\"@id\":\"https:\/\/www.topigeon.cz\/?product=specialnibalicek-2#breadcrumb\"},\"inLanguage\":\"cs-CZ\",\"potentialAction\":[{\"@type\":\"ReadAction\",\"target\":[\"https:\/\/www.topigeon.cz\/?product=specialnibalicek-2\"]}]},{\"@type\":\"ImageObject\",\"inLanguage\":\"cs-CZ\",\"@id\":\"https:\/\/www.topigeon.cz\/?product=specialnibalicek-2#primaryimage\",\"url\":\"https:\/\/www.topigeon.cz\/wp-content\/uploads\/2020\/11\/IMG_20180321_163401_resize.jpg\",\"contentUrl\":\"https:\/\/www.topigeon.cz\/wp-content\/uploads\/2020\/11\/IMG_20180321_163401_resize.jpg\",\"width\":979,\"height\":734},{\"@type\":\"BreadcrumbList\",\"@id\":\"https:\/\/www.topigeon.cz\/?product=specialnibalicek-2#breadcrumb\",\"itemListElement\":[{\"@type\":\"ListItem\",\"position\":1,\"name\":\"Home\",\"item\":\"https:\/\/www.topigeon.cz\/\"},{\"@type\":\"ListItem\",\"position\":2,\"name\":\"Ofici\u00e1ln\u00ed E-shop za\u0159\u00edzen\u00ed TOPigeon pro CZ, SK, PL, DE, FR\",\"item\":\"https:\/\/www.topigeon.cz\/\"},{\"@type\":\"ListItem\",\"position\":3,\"name\":\"2 Speci\u00e1ln\u00ed bal\u00ed\u010dek\"}]},{\"@type\":\"WebSite\",\"@id\":\"https:\/\/www.topigeon.cz\/#website\",\"url\":\"https:\/\/www.topigeon.cz\/\",\"name\":\"topigeon\",\"description\":\"\",\"publisher\":{\"@id\":\"https:\/\/www.topigeon.cz\/#organization\"},\"potentialAction\":[{\"@type\":\"SearchAction\",\"target\":{\"@type\":\"EntryPoint\",\"urlTemplate\":\"https:\/\/www.topigeon.cz\/?s={search_term_string}\"},\"query-input\":{\"@type\":\"PropertyValueSpecification\",\"valueRequired\":true,\"valueName\":\"search_term_string\"}}],\"inLanguage\":\"cs-CZ\"},{\"@type\":\"Organization\",\"@id\":\"https:\/\/www.topigeon.cz\/#organization\",\"name\":\"TOPigeon Central Europe\",\"url\":\"https:\/\/www.topigeon.cz\/\",\"logo\":{\"@type\":\"ImageObject\",\"inLanguage\":\"cs-CZ\",\"@id\":\"https:\/\/www.topigeon.cz\/#\/schema\/logo\/image\/\",\"url\":\"https:\/\/www.topigeon.cz\/wp-content\/uploads\/2020\/11\/cropped-18403412_1170200123108469_8289490797163017582_n-1-3.jpg\",\"contentUrl\":\"https:\/\/www.topigeon.cz\/wp-content\/uploads\/2020\/11\/cropped-18403412_1170200123108469_8289490797163017582_n-1-3.jpg\",\"width\":300,\"height\":135,\"caption\":\"TOPigeon Central Europe\"},\"image\":{\"@id\":\"https:\/\/www.topigeon.cz\/#\/schema\/logo\/image\/\"},\"sameAs\":[\"https:\/\/www.facebook.com\/CihakRacingPigeons\",\"https:\/\/x.com\/TopigeonE\",\"https:\/\/www.youtube.com\/channel\/UCutAH-6wwjb4gP7yq3qj2Lw?view_as=subscriber\"]}]}<\/script>\n<!-- \/ Yoast SEO plugin. -->","yoast_head_json":{"title":"Konstatovac\u00ed syst\u00e9m pro po\u0161tovn\u00ed holuby","description":"EKS TOPigeon - ide\u00e1ln\u00ed \u0159e\u0161en\u00ed pro z\u00e1vody po\u0161tovn\u00edch holub\u016f. Online v\u00fdsledky.","robots":{"index":"index","follow":"follow","max-snippet":"max-snippet:-1","max-image-preview":"max-image-preview:large","max-video-preview":"max-video-preview:-1"},"canonical":"https:\/\/www.topigeon.cz\/?product=specialnibalicek-2","og_locale":"cs_CZ","og_type":"article","og_title":"Konstatovac\u00ed syst\u00e9m pro po\u0161tovn\u00ed holuby","og_description":"EKS TOPigeon - ide\u00e1ln\u00ed \u0159e\u0161en\u00ed pro z\u00e1vody po\u0161tovn\u00edch holub\u016f. Online v\u00fdsledky.","og_url":"https:\/\/www.topigeon.cz\/?product=specialnibalicek-2","og_site_name":"topigeon","article_publisher":"https:\/\/www.facebook.com\/CihakRacingPigeons","article_modified_time":"2025-03-18T02:38:58+00:00","og_image":[{"width":979,"height":734,"url":"https:\/\/www.topigeon.cz\/wp-content\/uploads\/2020\/11\/IMG_20180323_082134_resize.jpg","type":"image\/jpeg"}],"twitter_card":"summary_large_image","twitter_title":"Konstatovac\u00ed syst\u00e9m pro po\u0161tovn\u00ed holuby","twitter_description":"EKS TOPigeon - ide\u00e1ln\u00ed \u0159e\u0161en\u00ed pro z\u00e1vody po\u0161tovn\u00edch holub\u016f. Online v\u00fdsledky.","twitter_image":"https:\/\/www.topigeon.cz\/wp-content\/uploads\/2020\/11\/IMG_20180323_082134_resize.jpg","twitter_site":"@TopigeonE","twitter_misc":{"Odhadovan\u00e1 doba \u010dten\u00ed":"1 minuta"},"schema":{"@context":"https:\/\/schema.org","@graph":[{"@type":"WebPage","@id":"https:\/\/www.topigeon.cz\/?product=specialnibalicek-2","url":"https:\/\/www.topigeon.cz\/?product=specialnibalicek-2","name":"Konstatovac\u00ed syst\u00e9m pro po\u0161tovn\u00ed holuby","isPartOf":{"@id":"https:\/\/www.topigeon.cz\/#website"},"primaryImageOfPage":{"@id":"https:\/\/www.topigeon.cz\/?product=specialnibalicek-2#primaryimage"},"image":{"@id":"https:\/\/www.topigeon.cz\/?product=specialnibalicek-2#primaryimage"},"thumbnailUrl":"https:\/\/www.topigeon.cz\/wp-content\/uploads\/2020\/11\/IMG_20180321_163401_resize.jpg","datePublished":"2020-11-16T12:57:30+00:00","dateModified":"2025-03-18T02:38:58+00:00","description":"EKS TOPigeon - ide\u00e1ln\u00ed \u0159e\u0161en\u00ed pro z\u00e1vody po\u0161tovn\u00edch holub\u016f. Online v\u00fdsledky.","breadcrumb":{"@id":"https:\/\/www.topigeon.cz\/?product=specialnibalicek-2#breadcrumb"},"inLanguage":"cs-CZ","potentialAction":[{"@type":"ReadAction","target":["https:\/\/www.topigeon.cz\/?product=specialnibalicek-2"]}]},{"@type":"ImageObject","inLanguage":"cs-CZ","@id":"https:\/\/www.topigeon.cz\/?product=specialnibalicek-2#primaryimage","url":"https:\/\/www.topigeon.cz\/wp-content\/uploads\/2020\/11\/IMG_20180321_163401_resize.jpg","contentUrl":"https:\/\/www.topigeon.cz\/wp-content\/uploads\/2020\/11\/IMG_20180321_163401_resize.jpg","width":979,"height":734},{"@type":"BreadcrumbList","@id":"https:\/\/www.topigeon.cz\/?product=specialnibalicek-2#breadcrumb","itemListElement":[{"@type":"ListItem","position":1,"name":"Home","item":"https:\/\/www.topigeon.cz\/"},{"@type":"ListItem","position":2,"name":"Ofici\u00e1ln\u00ed E-shop za\u0159\u00edzen\u00ed TOPigeon pro CZ, SK, PL, DE, FR","item":"https:\/\/www.topigeon.cz\/"},{"@type":"ListItem","position":3,"name":"2 Speci\u00e1ln\u00ed bal\u00ed\u010dek"}]},{"@type":"WebSite","@id":"https:\/\/www.topigeon.cz\/#website","url":"https:\/\/www.topigeon.cz\/","name":"topigeon","description":"","publisher":{"@id":"https:\/\/www.topigeon.cz\/#organization"},"potentialAction":[{"@type":"SearchAction","target":{"@type":"EntryPoint","urlTemplate":"https:\/\/www.topigeon.cz\/?s={search_term_string}"},"query-input":{"@type":"PropertyValueSpecification","valueRequired":true,"valueName":"search_term_string"}}],"inLanguage":"cs-CZ"},{"@type":"Organization","@id":"https:\/\/www.topigeon.cz\/#organization","name":"TOPigeon Central Europe","url":"https:\/\/www.topigeon.cz\/","logo":{"@type":"ImageObject","inLanguage":"cs-CZ","@id":"https:\/\/www.topigeon.cz\/#\/schema\/logo\/image\/","url":"https:\/\/www.topigeon.cz\/wp-content\/uploads\/2020\/11\/cropped-18403412_1170200123108469_8289490797163017582_n-1-3.jpg","contentUrl":"https:\/\/www.topigeon.cz\/wp-content\/uploads\/2020\/11\/cropped-18403412_1170200123108469_8289490797163017582_n-1-3.jpg","width":300,"height":135,"caption":"TOPigeon Central Europe"},"image":{"@id":"https:\/\/www.topigeon.cz\/#\/schema\/logo\/image\/"},"sameAs":["https:\/\/www.facebook.com\/CihakRacingPigeons","https:\/\/x.com\/TopigeonE","https:\/\/www.youtube.com\/channel\/UCutAH-6wwjb4gP7yq3qj2Lw?view_as=subscriber"]}]}},"_links":{"self":[{"href":"https:\/\/www.topigeon.cz\/index.php?rest_route=\/wp\/v2\/product\/57","targetHints":{"allow":["GET"]}}],"collection":[{"href":"https:\/\/www.topigeon.cz\/index.php?rest_route=\/wp\/v2\/product"}],"about":[{"href":"https:\/\/www.topigeon.cz\/index.php?rest_route=\/wp\/v2\/types\/product"}],"wp:featuredmedia":[{"embeddable":true,"href":"https:\/\/www.topigeon.cz\/index.php?rest_route=\/wp\/v2\/media\/440"}],"wp:attachment":[{"href":"https:\/\/www.topigeon.cz\/index.php?rest_route=%2Fwp%2Fv2%2Fmedia&parent=57"}],"wp:term":[{"taxonomy":"product_brand","embeddable":true,"href":"https:\/\/www.topigeon.cz\/index.php?rest_route=%2Fwp%2Fv2%2Fproduct_brand&post=57"},{"taxonomy":"product_cat","embeddable":true,"href":"https:\/\/www.topigeon.cz\/index.php?rest_route=%2Fwp%2Fv2%2Fproduct_cat&post=57"},{"taxonomy":"product_tag","embeddable":true,"href":"https:\/\/www.topigeon.cz\/index.php?rest_route=%2Fwp%2Fv2%2Fproduct_tag&post=57"}],"curies":[{"name":"wp","href":"https:\/\/api.w.org\/{rel}","templated":true}]}}