{"id":64,"date":"2020-11-16T14:12:54","date_gmt":"2020-11-16T13:12:54","guid":{"rendered":"https:\/\/www.topigeon.cz\/?post_type=product&#038;p=64"},"modified":"2025-03-10T08:31:45","modified_gmt":"2025-03-10T07:31:45","slug":"topigeon-zdroj-220vac-12vdc","status":"publish","type":"product","link":"https:\/\/www.topigeon.cz\/?product=topigeon-zdroj-220vac-12vdc","title":{"rendered":"TOPigeon Zdroj 220VAC\/12VDC"},"content":{"rendered":"<p>Elektrick\u00fd zdroj 220~12V pro hodiny iPigeon V8 nebo klubovou ant\u00e9nu (matku).<\/p>\n","protected":false},"excerpt":{"rendered":"<p>Elektrick\u00fd zdroj pro hodiny iPigeon resp. klubovou ant\u00e9nu TOPigeon.<\/p>\n","protected":false},"featured_media":65,"template":"","meta":[],"product_brand":[],"product_cat":[17],"product_tag":[19,20,21,24],"class_list":{"0":"post-64","1":"product","2":"type-product","3":"status-publish","4":"has-post-thumbnail","6":"product_cat-prislusenstvitopigeon","7":"product_tag-eks-topigeon","8":"product_tag-konstatovaci-system","9":"product_tag-postovni-holubi","10":"product_tag-zdroj","12":"first","13":"instock","14":"taxable","15":"shipping-taxable","16":"purchasable","17":"product-type-simple"},"yoast_head":"<!-- This site is optimized with the Yoast SEO plugin v27.2 - https:\/\/yoast.com\/product\/yoast-seo-wordpress\/ -->\n<title>TOPigeon Zdroj 220VAC\/12VDC<\/title>\n<meta name=\"robots\" content=\"index, follow, max-snippet:-1, max-image-preview:large, max-video-preview:-1\" \/>\n<link rel=\"canonical\" href=\"https:\/\/www.topigeon.cz\/?product=topigeon-zdroj-220vac-12vdc\" \/>\n<meta property=\"og:locale\" content=\"cs_CZ\" \/>\n<meta property=\"og:locale:alternate\" content=\"pl_PL\" \/>\n<meta property=\"og:type\" content=\"article\" \/>\n<meta property=\"og:title\" content=\"TOPigeon Zdroj 220VAC\/12VDC\" \/>\n<meta property=\"og:description\" content=\"Elektrick\u00fd zdroj pro hodiny iPigeon resp. klubovou ant\u00e9nu TOPigeon.\" \/>\n<meta property=\"og:url\" content=\"https:\/\/www.topigeon.cz\/?product=topigeon-zdroj-220vac-12vdc\" \/>\n<meta property=\"og:site_name\" content=\"topigeon\" \/>\n<meta property=\"article:publisher\" content=\"https:\/\/www.facebook.com\/CihakRacingPigeons\" \/>\n<meta property=\"article:modified_time\" content=\"2025-03-10T07:31:45+00:00\" \/>\n<meta property=\"og:image\" content=\"https:\/\/www.topigeon.cz\/wp-content\/uploads\/2020\/11\/1568184002046_img_20190911_082316_resize.jpg\" \/>\n\t<meta property=\"og:image:width\" content=\"1024\" \/>\n\t<meta property=\"og:image:height\" content=\"783\" \/>\n\t<meta property=\"og:image:type\" content=\"image\/jpeg\" \/>\n<meta name=\"twitter:card\" content=\"summary_large_image\" \/>\n<meta name=\"twitter:site\" content=\"@TopigeonE\" \/>\n<script type=\"application\/ld+json\" class=\"yoast-schema-graph\">{\"@context\":\"https:\/\/schema.org\",\"@graph\":[{\"@type\":\"WebPage\",\"@id\":\"https:\/\/www.topigeon.cz\/pl\/?product=topigeon-zdroj-220vac-12vdc\",\"url\":\"https:\/\/www.topigeon.cz\/pl\/?product=topigeon-zdroj-220vac-12vdc\",\"name\":\"TOPigeon Zdroj 220VAC\/12VDC\",\"isPartOf\":{\"@id\":\"https:\/\/www.topigeon.cz\/#website\"},\"primaryImageOfPage\":{\"@id\":\"https:\/\/www.topigeon.cz\/pl\/?product=topigeon-zdroj-220vac-12vdc#primaryimage\"},\"image\":{\"@id\":\"https:\/\/www.topigeon.cz\/pl\/?product=topigeon-zdroj-220vac-12vdc#primaryimage\"},\"thumbnailUrl\":\"https:\/\/www.topigeon.cz\/wp-content\/uploads\/2020\/11\/1568184002046_img_20190911_082316_resize.jpg\",\"datePublished\":\"2020-11-16T13:12:54+00:00\",\"dateModified\":\"2025-03-10T07:31:45+00:00\",\"breadcrumb\":{\"@id\":\"https:\/\/www.topigeon.cz\/pl\/?product=topigeon-zdroj-220vac-12vdc#breadcrumb\"},\"inLanguage\":\"cs-CZ\",\"potentialAction\":[{\"@type\":\"ReadAction\",\"target\":[\"https:\/\/www.topigeon.cz\/pl\/?product=topigeon-zdroj-220vac-12vdc\"]}]},{\"@type\":\"ImageObject\",\"inLanguage\":\"cs-CZ\",\"@id\":\"https:\/\/www.topigeon.cz\/pl\/?product=topigeon-zdroj-220vac-12vdc#primaryimage\",\"url\":\"https:\/\/www.topigeon.cz\/wp-content\/uploads\/2020\/11\/1568184002046_img_20190911_082316_resize.jpg\",\"contentUrl\":\"https:\/\/www.topigeon.cz\/wp-content\/uploads\/2020\/11\/1568184002046_img_20190911_082316_resize.jpg\",\"width\":1024,\"height\":783},{\"@type\":\"BreadcrumbList\",\"@id\":\"https:\/\/www.topigeon.cz\/pl\/?product=topigeon-zdroj-220vac-12vdc#breadcrumb\",\"itemListElement\":[{\"@type\":\"ListItem\",\"position\":1,\"name\":\"Home\",\"item\":\"https:\/\/www.topigeon.cz\/\"},{\"@type\":\"ListItem\",\"position\":2,\"name\":\"Ofici\u00e1ln\u00ed E-shop za\u0159\u00edzen\u00ed TOPigeon pro CZ, SK, PL, DE, FR\",\"item\":\"https:\/\/www.topigeon.cz\/\"},{\"@type\":\"ListItem\",\"position\":3,\"name\":\"TOPigeon Zdroj 220VAC\/12VDC\"}]},{\"@type\":\"WebSite\",\"@id\":\"https:\/\/www.topigeon.cz\/#website\",\"url\":\"https:\/\/www.topigeon.cz\/\",\"name\":\"topigeon\",\"description\":\"\",\"publisher\":{\"@id\":\"https:\/\/www.topigeon.cz\/#organization\"},\"potentialAction\":[{\"@type\":\"SearchAction\",\"target\":{\"@type\":\"EntryPoint\",\"urlTemplate\":\"https:\/\/www.topigeon.cz\/?s={search_term_string}\"},\"query-input\":{\"@type\":\"PropertyValueSpecification\",\"valueRequired\":true,\"valueName\":\"search_term_string\"}}],\"inLanguage\":\"cs-CZ\"},{\"@type\":\"Organization\",\"@id\":\"https:\/\/www.topigeon.cz\/#organization\",\"name\":\"TOPigeon Central Europe\",\"url\":\"https:\/\/www.topigeon.cz\/\",\"logo\":{\"@type\":\"ImageObject\",\"inLanguage\":\"cs-CZ\",\"@id\":\"https:\/\/www.topigeon.cz\/#\/schema\/logo\/image\/\",\"url\":\"https:\/\/www.topigeon.cz\/wp-content\/uploads\/2020\/11\/cropped-18403412_1170200123108469_8289490797163017582_n-1-3.jpg\",\"contentUrl\":\"https:\/\/www.topigeon.cz\/wp-content\/uploads\/2020\/11\/cropped-18403412_1170200123108469_8289490797163017582_n-1-3.jpg\",\"width\":300,\"height\":135,\"caption\":\"TOPigeon Central Europe\"},\"image\":{\"@id\":\"https:\/\/www.topigeon.cz\/#\/schema\/logo\/image\/\"},\"sameAs\":[\"https:\/\/www.facebook.com\/CihakRacingPigeons\",\"https:\/\/x.com\/TopigeonE\",\"https:\/\/www.youtube.com\/channel\/UCutAH-6wwjb4gP7yq3qj2Lw?view_as=subscriber\"]}]}<\/script>\n<!-- \/ Yoast SEO plugin. -->","yoast_head_json":{"title":"TOPigeon Zdroj 220VAC\/12VDC","robots":{"index":"index","follow":"follow","max-snippet":"max-snippet:-1","max-image-preview":"max-image-preview:large","max-video-preview":"max-video-preview:-1"},"canonical":"https:\/\/www.topigeon.cz\/?product=topigeon-zdroj-220vac-12vdc","og_locale":"cs_CZ","og_type":"article","og_title":"[:cs]TOPigeon Zdroj 220VAC\/12VDC[:] - topigeon","og_description":"Elektrick\u00fd zdroj pro hodiny iPigeon resp. klubovou ant\u00e9nu TOPigeon.","og_url":"https:\/\/www.topigeon.cz\/?product=topigeon-zdroj-220vac-12vdc","og_site_name":"topigeon","article_publisher":"https:\/\/www.facebook.com\/CihakRacingPigeons","article_modified_time":"2025-03-10T07:31:45+00:00","og_image":[{"width":1024,"height":783,"url":"https:\/\/www.topigeon.cz\/wp-content\/uploads\/2020\/11\/1568184002046_img_20190911_082316_resize.jpg","type":"image\/jpeg"}],"twitter_card":"summary_large_image","twitter_site":"@TopigeonE","schema":{"@context":"https:\/\/schema.org","@graph":[{"@type":"WebPage","@id":"https:\/\/www.topigeon.cz\/pl\/?product=topigeon-zdroj-220vac-12vdc","url":"https:\/\/www.topigeon.cz\/pl\/?product=topigeon-zdroj-220vac-12vdc","name":"TOPigeon Zdroj 220VAC\/12VDC","isPartOf":{"@id":"https:\/\/www.topigeon.cz\/#website"},"primaryImageOfPage":{"@id":"https:\/\/www.topigeon.cz\/pl\/?product=topigeon-zdroj-220vac-12vdc#primaryimage"},"image":{"@id":"https:\/\/www.topigeon.cz\/pl\/?product=topigeon-zdroj-220vac-12vdc#primaryimage"},"thumbnailUrl":"https:\/\/www.topigeon.cz\/wp-content\/uploads\/2020\/11\/1568184002046_img_20190911_082316_resize.jpg","datePublished":"2020-11-16T13:12:54+00:00","dateModified":"2025-03-10T07:31:45+00:00","breadcrumb":{"@id":"https:\/\/www.topigeon.cz\/pl\/?product=topigeon-zdroj-220vac-12vdc#breadcrumb"},"inLanguage":"cs-CZ","potentialAction":[{"@type":"ReadAction","target":["https:\/\/www.topigeon.cz\/pl\/?product=topigeon-zdroj-220vac-12vdc"]}]},{"@type":"ImageObject","inLanguage":"cs-CZ","@id":"https:\/\/www.topigeon.cz\/pl\/?product=topigeon-zdroj-220vac-12vdc#primaryimage","url":"https:\/\/www.topigeon.cz\/wp-content\/uploads\/2020\/11\/1568184002046_img_20190911_082316_resize.jpg","contentUrl":"https:\/\/www.topigeon.cz\/wp-content\/uploads\/2020\/11\/1568184002046_img_20190911_082316_resize.jpg","width":1024,"height":783},{"@type":"BreadcrumbList","@id":"https:\/\/www.topigeon.cz\/pl\/?product=topigeon-zdroj-220vac-12vdc#breadcrumb","itemListElement":[{"@type":"ListItem","position":1,"name":"Home","item":"https:\/\/www.topigeon.cz\/"},{"@type":"ListItem","position":2,"name":"Ofici\u00e1ln\u00ed E-shop za\u0159\u00edzen\u00ed TOPigeon pro CZ, SK, PL, DE, FR","item":"https:\/\/www.topigeon.cz\/"},{"@type":"ListItem","position":3,"name":"TOPigeon Zdroj 220VAC\/12VDC"}]},{"@type":"WebSite","@id":"https:\/\/www.topigeon.cz\/#website","url":"https:\/\/www.topigeon.cz\/","name":"topigeon","description":"","publisher":{"@id":"https:\/\/www.topigeon.cz\/#organization"},"potentialAction":[{"@type":"SearchAction","target":{"@type":"EntryPoint","urlTemplate":"https:\/\/www.topigeon.cz\/?s={search_term_string}"},"query-input":{"@type":"PropertyValueSpecification","valueRequired":true,"valueName":"search_term_string"}}],"inLanguage":"cs-CZ"},{"@type":"Organization","@id":"https:\/\/www.topigeon.cz\/#organization","name":"TOPigeon Central Europe","url":"https:\/\/www.topigeon.cz\/","logo":{"@type":"ImageObject","inLanguage":"cs-CZ","@id":"https:\/\/www.topigeon.cz\/#\/schema\/logo\/image\/","url":"https:\/\/www.topigeon.cz\/wp-content\/uploads\/2020\/11\/cropped-18403412_1170200123108469_8289490797163017582_n-1-3.jpg","contentUrl":"https:\/\/www.topigeon.cz\/wp-content\/uploads\/2020\/11\/cropped-18403412_1170200123108469_8289490797163017582_n-1-3.jpg","width":300,"height":135,"caption":"TOPigeon Central Europe"},"image":{"@id":"https:\/\/www.topigeon.cz\/#\/schema\/logo\/image\/"},"sameAs":["https:\/\/www.facebook.com\/CihakRacingPigeons","https:\/\/x.com\/TopigeonE","https:\/\/www.youtube.com\/channel\/UCutAH-6wwjb4gP7yq3qj2Lw?view_as=subscriber"]}]}},"_links":{"self":[{"href":"https:\/\/www.topigeon.cz\/index.php?rest_route=\/wp\/v2\/product\/64","targetHints":{"allow":["GET"]}}],"collection":[{"href":"https:\/\/www.topigeon.cz\/index.php?rest_route=\/wp\/v2\/product"}],"about":[{"href":"https:\/\/www.topigeon.cz\/index.php?rest_route=\/wp\/v2\/types\/product"}],"wp:featuredmedia":[{"embeddable":true,"href":"https:\/\/www.topigeon.cz\/index.php?rest_route=\/wp\/v2\/media\/65"}],"wp:attachment":[{"href":"https:\/\/www.topigeon.cz\/index.php?rest_route=%2Fwp%2Fv2%2Fmedia&parent=64"}],"wp:term":[{"taxonomy":"product_brand","embeddable":true,"href":"https:\/\/www.topigeon.cz\/index.php?rest_route=%2Fwp%2Fv2%2Fproduct_brand&post=64"},{"taxonomy":"product_cat","embeddable":true,"href":"https:\/\/www.topigeon.cz\/index.php?rest_route=%2Fwp%2Fv2%2Fproduct_cat&post=64"},{"taxonomy":"product_tag","embeddable":true,"href":"https:\/\/www.topigeon.cz\/index.php?rest_route=%2Fwp%2Fv2%2Fproduct_tag&post=64"}],"curies":[{"name":"wp","href":"https:\/\/api.w.org\/{rel}","templated":true}]}}