{"id":73,"date":"2020-11-16T14:52:55","date_gmt":"2020-11-16T13:52:55","guid":{"rendered":"https:\/\/www.topigeon.cz\/?post_type=product&#038;p=73"},"modified":"2025-09-26T12:59:16","modified_gmt":"2025-09-26T10:59:16","slug":"antenovy-router","status":"publish","type":"product","link":"https:\/\/www.topigeon.cz\/?product=antenovy-router","title":{"rendered":"Ant\u00e9nov\u00fd router"},"content":{"rendered":"<p>Ant\u00e9nov\u00fd router je za\u0159\u00edzen\u00ed pro nep\u0159etr\u017eit\u00fd p\u0159\u00edjem sign\u00e1lu a z\u00e1znamu dat z doletov\u00fdch ant\u00e9n.<br \/>\nToto za\u0159\u00edzen\u00ed tak\u00e9 umo\u017e\u0148uje z\u00e1vodit dvoum r\u016fzn\u00fdm chovatel\u016fm na jednom holubn\u00edku.<br \/>\nSou\u010d\u00e1st\u00ed balen\u00ed je:<br \/>\nAnt\u00e9nov\u00fd router<br \/>\n1 ks nap\u00e1jec\u00ed zdroj<br \/>\n1 ks Mini din kabel pro p\u0159ipojen\u00ed do hodin iPigeon V8<\/p>\n<p><a href=\"https:\/\/www.youtube.com\/watch?v=15VkgFJ5fG0\" target=\"_blank\" rel=\"noopener noreferrer\">Youtube video<\/a><\/p>\n","protected":false},"excerpt":{"rendered":"<p>Ant\u00e9nov\u00fd router pro p\u0159ipojen\u00ed 2 hodin na stejn\u00e9 ant\u00e9ny, nebo pro sb\u011br dat o doletech bez p\u0159ipojen\u00fdch hodin.<\/p>\n","protected":false},"featured_media":32,"template":"","meta":[],"product_brand":[],"product_cat":[17],"product_tag":[28,19,20,21],"class_list":{"0":"post-73","1":"product","2":"type-product","3":"status-publish","4":"has-post-thumbnail","6":"product_cat-prislusenstvitopigeon","7":"product_tag-antenovy-router","8":"product_tag-eks-topigeon","9":"product_tag-konstatovaci-system","10":"product_tag-postovni-holubi","12":"first","13":"onbackorder","14":"sale","15":"taxable","16":"shipping-taxable","17":"purchasable","18":"product-type-simple"},"yoast_head":"<!-- This site is optimized with the Yoast SEO plugin v27.2 - https:\/\/yoast.com\/product\/yoast-seo-wordpress\/ -->\n<title>Ant\u00e9nov\u00fd router<\/title>\n<meta name=\"robots\" content=\"index, follow, max-snippet:-1, max-image-preview:large, max-video-preview:-1\" \/>\n<link rel=\"canonical\" href=\"https:\/\/www.topigeon.cz\/?product=antenovy-router\" \/>\n<meta property=\"og:locale\" content=\"cs_CZ\" \/>\n<meta property=\"og:locale:alternate\" content=\"pl_PL\" \/>\n<meta property=\"og:type\" content=\"article\" \/>\n<meta property=\"og:title\" content=\"Ant\u00e9nov\u00fd router\" \/>\n<meta property=\"og:description\" content=\"Ant\u00e9nov\u00fd router pro p\u0159ipojen\u00ed 2 hodin na stejn\u00e9 ant\u00e9ny, nebo pro sb\u011br dat o doletech bez p\u0159ipojen\u00fdch hodin.\" \/>\n<meta property=\"og:url\" content=\"https:\/\/www.topigeon.cz\/?product=antenovy-router\" \/>\n<meta property=\"og:site_name\" content=\"topigeon\" \/>\n<meta property=\"article:publisher\" content=\"https:\/\/www.facebook.com\/CihakRacingPigeons\" \/>\n<meta property=\"article:modified_time\" content=\"2025-09-26T10:59:16+00:00\" \/>\n<meta property=\"og:image\" content=\"https:\/\/www.topigeon.cz\/wp-content\/uploads\/2020\/11\/IMG_20180606_204754_resize.jpg\" \/>\n\t<meta property=\"og:image:width\" content=\"551\" \/>\n\t<meta property=\"og:image:height\" content=\"979\" \/>\n\t<meta property=\"og:image:type\" content=\"image\/jpeg\" \/>\n<meta name=\"twitter:card\" content=\"summary_large_image\" \/>\n<meta name=\"twitter:site\" content=\"@TopigeonE\" \/>\n<meta name=\"twitter:label1\" content=\"Odhadovan\u00e1 doba \u010dten\u00ed\" \/>\n\t<meta name=\"twitter:data1\" content=\"1 minuta\" \/>\n<script type=\"application\/ld+json\" class=\"yoast-schema-graph\">{\"@context\":\"https:\/\/schema.org\",\"@graph\":[{\"@type\":\"WebPage\",\"@id\":\"https:\/\/www.topigeon.cz\/pl\/?product=antenovy-router\",\"url\":\"https:\/\/www.topigeon.cz\/pl\/?product=antenovy-router\",\"name\":\"Ant\u00e9nov\u00fd router\",\"isPartOf\":{\"@id\":\"https:\/\/www.topigeon.cz\/#website\"},\"primaryImageOfPage\":{\"@id\":\"https:\/\/www.topigeon.cz\/pl\/?product=antenovy-router#primaryimage\"},\"image\":{\"@id\":\"https:\/\/www.topigeon.cz\/pl\/?product=antenovy-router#primaryimage\"},\"thumbnailUrl\":\"https:\/\/www.topigeon.cz\/wp-content\/uploads\/2020\/11\/IMG_20180606_204754_resize.jpg\",\"datePublished\":\"2020-11-16T13:52:55+00:00\",\"dateModified\":\"2025-09-26T10:59:16+00:00\",\"breadcrumb\":{\"@id\":\"https:\/\/www.topigeon.cz\/pl\/?product=antenovy-router#breadcrumb\"},\"inLanguage\":\"cs-CZ\",\"potentialAction\":[{\"@type\":\"ReadAction\",\"target\":[\"https:\/\/www.topigeon.cz\/pl\/?product=antenovy-router\"]}]},{\"@type\":\"ImageObject\",\"inLanguage\":\"cs-CZ\",\"@id\":\"https:\/\/www.topigeon.cz\/pl\/?product=antenovy-router#primaryimage\",\"url\":\"https:\/\/www.topigeon.cz\/wp-content\/uploads\/2020\/11\/IMG_20180606_204754_resize.jpg\",\"contentUrl\":\"https:\/\/www.topigeon.cz\/wp-content\/uploads\/2020\/11\/IMG_20180606_204754_resize.jpg\",\"width\":551,\"height\":979},{\"@type\":\"BreadcrumbList\",\"@id\":\"https:\/\/www.topigeon.cz\/pl\/?product=antenovy-router#breadcrumb\",\"itemListElement\":[{\"@type\":\"ListItem\",\"position\":1,\"name\":\"Home\",\"item\":\"https:\/\/www.topigeon.cz\/\"},{\"@type\":\"ListItem\",\"position\":2,\"name\":\"Ofici\u00e1ln\u00ed E-shop za\u0159\u00edzen\u00ed TOPigeon pro CZ, SK, PL, DE, FR\",\"item\":\"https:\/\/www.topigeon.cz\/\"},{\"@type\":\"ListItem\",\"position\":3,\"name\":\"Ant\u00e9nov\u00fd router\"}]},{\"@type\":\"WebSite\",\"@id\":\"https:\/\/www.topigeon.cz\/#website\",\"url\":\"https:\/\/www.topigeon.cz\/\",\"name\":\"topigeon\",\"description\":\"\",\"publisher\":{\"@id\":\"https:\/\/www.topigeon.cz\/#organization\"},\"potentialAction\":[{\"@type\":\"SearchAction\",\"target\":{\"@type\":\"EntryPoint\",\"urlTemplate\":\"https:\/\/www.topigeon.cz\/?s={search_term_string}\"},\"query-input\":{\"@type\":\"PropertyValueSpecification\",\"valueRequired\":true,\"valueName\":\"search_term_string\"}}],\"inLanguage\":\"cs-CZ\"},{\"@type\":\"Organization\",\"@id\":\"https:\/\/www.topigeon.cz\/#organization\",\"name\":\"TOPigeon Central Europe\",\"url\":\"https:\/\/www.topigeon.cz\/\",\"logo\":{\"@type\":\"ImageObject\",\"inLanguage\":\"cs-CZ\",\"@id\":\"https:\/\/www.topigeon.cz\/#\/schema\/logo\/image\/\",\"url\":\"https:\/\/www.topigeon.cz\/wp-content\/uploads\/2020\/11\/cropped-18403412_1170200123108469_8289490797163017582_n-1-3.jpg\",\"contentUrl\":\"https:\/\/www.topigeon.cz\/wp-content\/uploads\/2020\/11\/cropped-18403412_1170200123108469_8289490797163017582_n-1-3.jpg\",\"width\":300,\"height\":135,\"caption\":\"TOPigeon Central Europe\"},\"image\":{\"@id\":\"https:\/\/www.topigeon.cz\/#\/schema\/logo\/image\/\"},\"sameAs\":[\"https:\/\/www.facebook.com\/CihakRacingPigeons\",\"https:\/\/x.com\/TopigeonE\",\"https:\/\/www.youtube.com\/channel\/UCutAH-6wwjb4gP7yq3qj2Lw?view_as=subscriber\"]}]}<\/script>\n<!-- \/ Yoast SEO plugin. -->","yoast_head_json":{"title":"Ant\u00e9nov\u00fd router","robots":{"index":"index","follow":"follow","max-snippet":"max-snippet:-1","max-image-preview":"max-image-preview:large","max-video-preview":"max-video-preview:-1"},"canonical":"https:\/\/www.topigeon.cz\/?product=antenovy-router","og_locale":"cs_CZ","og_type":"article","og_title":"[:cs]Ant\u00e9nov\u00fd router[:pl]Ant\u00e9nov\u00fd router[:] - topigeon","og_description":"Ant\u00e9nov\u00fd router pro p\u0159ipojen\u00ed 2 hodin na stejn\u00e9 ant\u00e9ny, nebo pro sb\u011br dat o doletech bez p\u0159ipojen\u00fdch hodin.","og_url":"https:\/\/www.topigeon.cz\/?product=antenovy-router","og_site_name":"topigeon","article_publisher":"https:\/\/www.facebook.com\/CihakRacingPigeons","article_modified_time":"2025-09-26T10:59:16+00:00","og_image":[{"width":551,"height":979,"url":"https:\/\/www.topigeon.cz\/wp-content\/uploads\/2020\/11\/IMG_20180606_204754_resize.jpg","type":"image\/jpeg"}],"twitter_card":"summary_large_image","twitter_site":"@TopigeonE","twitter_misc":{"Odhadovan\u00e1 doba \u010dten\u00ed":"1 minuta"},"schema":{"@context":"https:\/\/schema.org","@graph":[{"@type":"WebPage","@id":"https:\/\/www.topigeon.cz\/pl\/?product=antenovy-router","url":"https:\/\/www.topigeon.cz\/pl\/?product=antenovy-router","name":"Ant\u00e9nov\u00fd router","isPartOf":{"@id":"https:\/\/www.topigeon.cz\/#website"},"primaryImageOfPage":{"@id":"https:\/\/www.topigeon.cz\/pl\/?product=antenovy-router#primaryimage"},"image":{"@id":"https:\/\/www.topigeon.cz\/pl\/?product=antenovy-router#primaryimage"},"thumbnailUrl":"https:\/\/www.topigeon.cz\/wp-content\/uploads\/2020\/11\/IMG_20180606_204754_resize.jpg","datePublished":"2020-11-16T13:52:55+00:00","dateModified":"2025-09-26T10:59:16+00:00","breadcrumb":{"@id":"https:\/\/www.topigeon.cz\/pl\/?product=antenovy-router#breadcrumb"},"inLanguage":"cs-CZ","potentialAction":[{"@type":"ReadAction","target":["https:\/\/www.topigeon.cz\/pl\/?product=antenovy-router"]}]},{"@type":"ImageObject","inLanguage":"cs-CZ","@id":"https:\/\/www.topigeon.cz\/pl\/?product=antenovy-router#primaryimage","url":"https:\/\/www.topigeon.cz\/wp-content\/uploads\/2020\/11\/IMG_20180606_204754_resize.jpg","contentUrl":"https:\/\/www.topigeon.cz\/wp-content\/uploads\/2020\/11\/IMG_20180606_204754_resize.jpg","width":551,"height":979},{"@type":"BreadcrumbList","@id":"https:\/\/www.topigeon.cz\/pl\/?product=antenovy-router#breadcrumb","itemListElement":[{"@type":"ListItem","position":1,"name":"Home","item":"https:\/\/www.topigeon.cz\/"},{"@type":"ListItem","position":2,"name":"Ofici\u00e1ln\u00ed E-shop za\u0159\u00edzen\u00ed TOPigeon pro CZ, SK, PL, DE, FR","item":"https:\/\/www.topigeon.cz\/"},{"@type":"ListItem","position":3,"name":"Ant\u00e9nov\u00fd router"}]},{"@type":"WebSite","@id":"https:\/\/www.topigeon.cz\/#website","url":"https:\/\/www.topigeon.cz\/","name":"topigeon","description":"","publisher":{"@id":"https:\/\/www.topigeon.cz\/#organization"},"potentialAction":[{"@type":"SearchAction","target":{"@type":"EntryPoint","urlTemplate":"https:\/\/www.topigeon.cz\/?s={search_term_string}"},"query-input":{"@type":"PropertyValueSpecification","valueRequired":true,"valueName":"search_term_string"}}],"inLanguage":"cs-CZ"},{"@type":"Organization","@id":"https:\/\/www.topigeon.cz\/#organization","name":"TOPigeon Central Europe","url":"https:\/\/www.topigeon.cz\/","logo":{"@type":"ImageObject","inLanguage":"cs-CZ","@id":"https:\/\/www.topigeon.cz\/#\/schema\/logo\/image\/","url":"https:\/\/www.topigeon.cz\/wp-content\/uploads\/2020\/11\/cropped-18403412_1170200123108469_8289490797163017582_n-1-3.jpg","contentUrl":"https:\/\/www.topigeon.cz\/wp-content\/uploads\/2020\/11\/cropped-18403412_1170200123108469_8289490797163017582_n-1-3.jpg","width":300,"height":135,"caption":"TOPigeon Central Europe"},"image":{"@id":"https:\/\/www.topigeon.cz\/#\/schema\/logo\/image\/"},"sameAs":["https:\/\/www.facebook.com\/CihakRacingPigeons","https:\/\/x.com\/TopigeonE","https:\/\/www.youtube.com\/channel\/UCutAH-6wwjb4gP7yq3qj2Lw?view_as=subscriber"]}]}},"_links":{"self":[{"href":"https:\/\/www.topigeon.cz\/index.php?rest_route=\/wp\/v2\/product\/73","targetHints":{"allow":["GET"]}}],"collection":[{"href":"https:\/\/www.topigeon.cz\/index.php?rest_route=\/wp\/v2\/product"}],"about":[{"href":"https:\/\/www.topigeon.cz\/index.php?rest_route=\/wp\/v2\/types\/product"}],"wp:featuredmedia":[{"embeddable":true,"href":"https:\/\/www.topigeon.cz\/index.php?rest_route=\/wp\/v2\/media\/32"}],"wp:attachment":[{"href":"https:\/\/www.topigeon.cz\/index.php?rest_route=%2Fwp%2Fv2%2Fmedia&parent=73"}],"wp:term":[{"taxonomy":"product_brand","embeddable":true,"href":"https:\/\/www.topigeon.cz\/index.php?rest_route=%2Fwp%2Fv2%2Fproduct_brand&post=73"},{"taxonomy":"product_cat","embeddable":true,"href":"https:\/\/www.topigeon.cz\/index.php?rest_route=%2Fwp%2Fv2%2Fproduct_cat&post=73"},{"taxonomy":"product_tag","embeddable":true,"href":"https:\/\/www.topigeon.cz\/index.php?rest_route=%2Fwp%2Fv2%2Fproduct_tag&post=73"}],"curies":[{"name":"wp","href":"https:\/\/api.w.org\/{rel}","templated":true}]}}