{"id":75,"date":"2020-11-16T15:01:44","date_gmt":"2020-11-16T14:01:44","guid":{"rendered":"https:\/\/www.topigeon.cz\/?post_type=product&#038;p=75"},"modified":"2026-04-15T21:42:40","modified_gmt":"2026-04-15T19:42:40","slug":"klubova-antena-matka","status":"publish","type":"product","link":"https:\/\/www.topigeon.cz\/?product=klubova-antena-matka","title":{"rendered":"Klubov\u00e1 ant\u00e9na (Matka)"},"content":{"rendered":"<p>Nov\u00fd typ &#8211; posledn\u00ed kus skladem. Tak\u017ee u\u0161et\u0159\u00edte minim\u00e1ln\u011b 2000 K\u010d oproti mimoskladov\u00e9mu importu p\u0159\u00edmo od v\u00fdrobce z Taiwanu.<br \/>\nKlubov\u00e1 jednotka &#8220;Matka&#8221; pro syst\u00e9m TOPigeon.<br \/>\nSou\u010d\u00e1st\u00ed balen\u00ed je:<br \/>\nKlubov\u00e1 jednotka<br \/>\n1 ks RFID bezpe\u010dnostn\u00ed kl\u00ed\u010de<br \/>\n1 ks GPS modul s kabelem pro synchronizaci p\u0159esn\u00e9ho \u010dasu<br \/>\n1 ks propojovac\u00ed kabel hodiny &#8211; matka (tzv. Mini DIN)<br \/>\n1 ks propojovac\u00ed USB kabel &#8211; matka &#8211; PC<\/p>\n","protected":false},"excerpt":{"rendered":"<p>Mimo\u0159\u00e1dn\u00e1 nab\u00eddka &#8211; posledn\u00ed kus skladem. Klubov\u00e1 jednotka pro ko\u0161ov\u00e1n\u00ed na z\u00e1vody a vyhodnocov\u00e1n\u00ed z\u00e1vod\u016f.<br \/>\nNov\u00fd typ &#8211; GPS \u010das se na\u010dte t\u00e9m\u011b\u0159 OKAM\u017dIT\u011a!<\/p>\n","protected":false},"featured_media":31,"template":"","meta":[],"product_brand":[],"product_cat":[17],"product_tag":[19,20,29,21],"class_list":{"0":"post-75","1":"product","2":"type-product","3":"status-publish","4":"has-post-thumbnail","6":"product_cat-prislusenstvitopigeon","7":"product_tag-eks-topigeon","8":"product_tag-konstatovaci-system","9":"product_tag-matka","10":"product_tag-postovni-holubi","12":"first","13":"instock","14":"sale","15":"taxable","16":"shipping-taxable","17":"purchasable","18":"product-type-simple"},"yoast_head":"<!-- This site is optimized with the Yoast SEO plugin v27.2 - https:\/\/yoast.com\/product\/yoast-seo-wordpress\/ -->\n<title>Klubov\u00e1 ant\u00e9na (Matka)<\/title>\n<meta name=\"robots\" content=\"index, follow, max-snippet:-1, max-image-preview:large, max-video-preview:-1\" \/>\n<link rel=\"canonical\" href=\"https:\/\/www.topigeon.cz\/?product=klubova-antena-matka\" \/>\n<meta property=\"og:locale\" content=\"cs_CZ\" \/>\n<meta property=\"og:locale:alternate\" content=\"pl_PL\" \/>\n<meta property=\"og:type\" content=\"article\" \/>\n<meta property=\"og:title\" content=\"Klubov\u00e1 ant\u00e9na (Matka)\" \/>\n<meta property=\"og:description\" content=\"Mimo\u0159\u00e1dn\u00e1 nab\u00eddka - posledn\u00ed kus skladem. Klubov\u00e1 jednotka pro ko\u0161ov\u00e1n\u00ed na z\u00e1vody a vyhodnocov\u00e1n\u00ed z\u00e1vod\u016f.  Nov\u00fd typ - GPS \u010das se na\u010dte t\u00e9m\u011b\u0159 OKAM\u017dIT\u011a!\" \/>\n<meta property=\"og:url\" content=\"https:\/\/www.topigeon.cz\/?product=klubova-antena-matka\" \/>\n<meta property=\"og:site_name\" content=\"topigeon\" \/>\n<meta property=\"article:publisher\" content=\"https:\/\/www.facebook.com\/CihakRacingPigeons\" \/>\n<meta property=\"article:modified_time\" content=\"2026-04-15T19:42:40+00:00\" \/>\n<meta property=\"og:image\" content=\"https:\/\/www.topigeon.cz\/wp-content\/uploads\/2020\/11\/IMG_20180606_185806_resize.jpeg\" \/>\n\t<meta property=\"og:image:width\" content=\"979\" \/>\n\t<meta property=\"og:image:height\" content=\"551\" \/>\n\t<meta property=\"og:image:type\" content=\"image\/jpeg\" \/>\n<meta name=\"twitter:card\" content=\"summary_large_image\" \/>\n<meta name=\"twitter:site\" content=\"@TopigeonE\" \/>\n<meta name=\"twitter:label1\" content=\"Odhadovan\u00e1 doba \u010dten\u00ed\" \/>\n\t<meta name=\"twitter:data1\" content=\"1 minuta\" \/>\n<script type=\"application\/ld+json\" class=\"yoast-schema-graph\">{\"@context\":\"https:\/\/schema.org\",\"@graph\":[{\"@type\":\"WebPage\",\"@id\":\"https:\/\/www.topigeon.cz\/?product=klubova-antena-matka\",\"url\":\"https:\/\/www.topigeon.cz\/?product=klubova-antena-matka\",\"name\":\"Klubov\u00e1 ant\u00e9na (Matka)\",\"isPartOf\":{\"@id\":\"https:\/\/www.topigeon.cz\/#website\"},\"primaryImageOfPage\":{\"@id\":\"https:\/\/www.topigeon.cz\/?product=klubova-antena-matka#primaryimage\"},\"image\":{\"@id\":\"https:\/\/www.topigeon.cz\/?product=klubova-antena-matka#primaryimage\"},\"thumbnailUrl\":\"https:\/\/www.topigeon.cz\/wp-content\/uploads\/2020\/11\/IMG_20180606_185806_resize.jpeg\",\"datePublished\":\"2020-11-16T14:01:44+00:00\",\"dateModified\":\"2026-04-15T19:42:40+00:00\",\"breadcrumb\":{\"@id\":\"https:\/\/www.topigeon.cz\/?product=klubova-antena-matka#breadcrumb\"},\"inLanguage\":\"cs-CZ\",\"potentialAction\":[{\"@type\":\"ReadAction\",\"target\":[\"https:\/\/www.topigeon.cz\/?product=klubova-antena-matka\"]}]},{\"@type\":\"ImageObject\",\"inLanguage\":\"cs-CZ\",\"@id\":\"https:\/\/www.topigeon.cz\/?product=klubova-antena-matka#primaryimage\",\"url\":\"https:\/\/www.topigeon.cz\/wp-content\/uploads\/2020\/11\/IMG_20180606_185806_resize.jpeg\",\"contentUrl\":\"https:\/\/www.topigeon.cz\/wp-content\/uploads\/2020\/11\/IMG_20180606_185806_resize.jpeg\",\"width\":979,\"height\":551},{\"@type\":\"BreadcrumbList\",\"@id\":\"https:\/\/www.topigeon.cz\/?product=klubova-antena-matka#breadcrumb\",\"itemListElement\":[{\"@type\":\"ListItem\",\"position\":1,\"name\":\"Home\",\"item\":\"https:\/\/www.topigeon.cz\/\"},{\"@type\":\"ListItem\",\"position\":2,\"name\":\"Ofici\u00e1ln\u00ed E-shop za\u0159\u00edzen\u00ed TOPigeon pro CZ, SK, PL, DE, FR\",\"item\":\"https:\/\/www.topigeon.cz\/\"},{\"@type\":\"ListItem\",\"position\":3,\"name\":\"Klubov\u00e1 ant\u00e9na (Matka)\"}]},{\"@type\":\"WebSite\",\"@id\":\"https:\/\/www.topigeon.cz\/#website\",\"url\":\"https:\/\/www.topigeon.cz\/\",\"name\":\"topigeon\",\"description\":\"\",\"publisher\":{\"@id\":\"https:\/\/www.topigeon.cz\/#organization\"},\"potentialAction\":[{\"@type\":\"SearchAction\",\"target\":{\"@type\":\"EntryPoint\",\"urlTemplate\":\"https:\/\/www.topigeon.cz\/?s={search_term_string}\"},\"query-input\":{\"@type\":\"PropertyValueSpecification\",\"valueRequired\":true,\"valueName\":\"search_term_string\"}}],\"inLanguage\":\"cs-CZ\"},{\"@type\":\"Organization\",\"@id\":\"https:\/\/www.topigeon.cz\/#organization\",\"name\":\"TOPigeon Central Europe\",\"url\":\"https:\/\/www.topigeon.cz\/\",\"logo\":{\"@type\":\"ImageObject\",\"inLanguage\":\"cs-CZ\",\"@id\":\"https:\/\/www.topigeon.cz\/#\/schema\/logo\/image\/\",\"url\":\"https:\/\/www.topigeon.cz\/wp-content\/uploads\/2020\/11\/cropped-18403412_1170200123108469_8289490797163017582_n-1-3.jpg\",\"contentUrl\":\"https:\/\/www.topigeon.cz\/wp-content\/uploads\/2020\/11\/cropped-18403412_1170200123108469_8289490797163017582_n-1-3.jpg\",\"width\":300,\"height\":135,\"caption\":\"TOPigeon Central Europe\"},\"image\":{\"@id\":\"https:\/\/www.topigeon.cz\/#\/schema\/logo\/image\/\"},\"sameAs\":[\"https:\/\/www.facebook.com\/CihakRacingPigeons\",\"https:\/\/x.com\/TopigeonE\",\"https:\/\/www.youtube.com\/channel\/UCutAH-6wwjb4gP7yq3qj2Lw?view_as=subscriber\"]}]}<\/script>\n<!-- \/ Yoast SEO plugin. -->","yoast_head_json":{"title":"Klubov\u00e1 ant\u00e9na (Matka)","robots":{"index":"index","follow":"follow","max-snippet":"max-snippet:-1","max-image-preview":"max-image-preview:large","max-video-preview":"max-video-preview:-1"},"canonical":"https:\/\/www.topigeon.cz\/?product=klubova-antena-matka","og_locale":"cs_CZ","og_type":"article","og_title":"[:cs]Klubov\u00e1 ant\u00e9na (Matka)[:] - topigeon","og_description":"Mimo\u0159\u00e1dn\u00e1 nab\u00eddka - posledn\u00ed kus skladem. Klubov\u00e1 jednotka pro ko\u0161ov\u00e1n\u00ed na z\u00e1vody a vyhodnocov\u00e1n\u00ed z\u00e1vod\u016f.  Nov\u00fd typ - GPS \u010das se na\u010dte t\u00e9m\u011b\u0159 OKAM\u017dIT\u011a!","og_url":"https:\/\/www.topigeon.cz\/?product=klubova-antena-matka","og_site_name":"topigeon","article_publisher":"https:\/\/www.facebook.com\/CihakRacingPigeons","article_modified_time":"2026-04-15T19:42:40+00:00","og_image":[{"width":979,"height":551,"url":"https:\/\/www.topigeon.cz\/wp-content\/uploads\/2020\/11\/IMG_20180606_185806_resize.jpeg","type":"image\/jpeg"}],"twitter_card":"summary_large_image","twitter_site":"@TopigeonE","twitter_misc":{"Odhadovan\u00e1 doba \u010dten\u00ed":"1 minuta"},"schema":{"@context":"https:\/\/schema.org","@graph":[{"@type":"WebPage","@id":"https:\/\/www.topigeon.cz\/?product=klubova-antena-matka","url":"https:\/\/www.topigeon.cz\/?product=klubova-antena-matka","name":"Klubov\u00e1 ant\u00e9na (Matka)","isPartOf":{"@id":"https:\/\/www.topigeon.cz\/#website"},"primaryImageOfPage":{"@id":"https:\/\/www.topigeon.cz\/?product=klubova-antena-matka#primaryimage"},"image":{"@id":"https:\/\/www.topigeon.cz\/?product=klubova-antena-matka#primaryimage"},"thumbnailUrl":"https:\/\/www.topigeon.cz\/wp-content\/uploads\/2020\/11\/IMG_20180606_185806_resize.jpeg","datePublished":"2020-11-16T14:01:44+00:00","dateModified":"2026-04-15T19:42:40+00:00","breadcrumb":{"@id":"https:\/\/www.topigeon.cz\/?product=klubova-antena-matka#breadcrumb"},"inLanguage":"cs-CZ","potentialAction":[{"@type":"ReadAction","target":["https:\/\/www.topigeon.cz\/?product=klubova-antena-matka"]}]},{"@type":"ImageObject","inLanguage":"cs-CZ","@id":"https:\/\/www.topigeon.cz\/?product=klubova-antena-matka#primaryimage","url":"https:\/\/www.topigeon.cz\/wp-content\/uploads\/2020\/11\/IMG_20180606_185806_resize.jpeg","contentUrl":"https:\/\/www.topigeon.cz\/wp-content\/uploads\/2020\/11\/IMG_20180606_185806_resize.jpeg","width":979,"height":551},{"@type":"BreadcrumbList","@id":"https:\/\/www.topigeon.cz\/?product=klubova-antena-matka#breadcrumb","itemListElement":[{"@type":"ListItem","position":1,"name":"Home","item":"https:\/\/www.topigeon.cz\/"},{"@type":"ListItem","position":2,"name":"Ofici\u00e1ln\u00ed E-shop za\u0159\u00edzen\u00ed TOPigeon pro CZ, SK, PL, DE, FR","item":"https:\/\/www.topigeon.cz\/"},{"@type":"ListItem","position":3,"name":"Klubov\u00e1 ant\u00e9na (Matka)"}]},{"@type":"WebSite","@id":"https:\/\/www.topigeon.cz\/#website","url":"https:\/\/www.topigeon.cz\/","name":"topigeon","description":"","publisher":{"@id":"https:\/\/www.topigeon.cz\/#organization"},"potentialAction":[{"@type":"SearchAction","target":{"@type":"EntryPoint","urlTemplate":"https:\/\/www.topigeon.cz\/?s={search_term_string}"},"query-input":{"@type":"PropertyValueSpecification","valueRequired":true,"valueName":"search_term_string"}}],"inLanguage":"cs-CZ"},{"@type":"Organization","@id":"https:\/\/www.topigeon.cz\/#organization","name":"TOPigeon Central Europe","url":"https:\/\/www.topigeon.cz\/","logo":{"@type":"ImageObject","inLanguage":"cs-CZ","@id":"https:\/\/www.topigeon.cz\/#\/schema\/logo\/image\/","url":"https:\/\/www.topigeon.cz\/wp-content\/uploads\/2020\/11\/cropped-18403412_1170200123108469_8289490797163017582_n-1-3.jpg","contentUrl":"https:\/\/www.topigeon.cz\/wp-content\/uploads\/2020\/11\/cropped-18403412_1170200123108469_8289490797163017582_n-1-3.jpg","width":300,"height":135,"caption":"TOPigeon Central Europe"},"image":{"@id":"https:\/\/www.topigeon.cz\/#\/schema\/logo\/image\/"},"sameAs":["https:\/\/www.facebook.com\/CihakRacingPigeons","https:\/\/x.com\/TopigeonE","https:\/\/www.youtube.com\/channel\/UCutAH-6wwjb4gP7yq3qj2Lw?view_as=subscriber"]}]}},"_links":{"self":[{"href":"https:\/\/www.topigeon.cz\/index.php?rest_route=\/wp\/v2\/product\/75","targetHints":{"allow":["GET"]}}],"collection":[{"href":"https:\/\/www.topigeon.cz\/index.php?rest_route=\/wp\/v2\/product"}],"about":[{"href":"https:\/\/www.topigeon.cz\/index.php?rest_route=\/wp\/v2\/types\/product"}],"wp:featuredmedia":[{"embeddable":true,"href":"https:\/\/www.topigeon.cz\/index.php?rest_route=\/wp\/v2\/media\/31"}],"wp:attachment":[{"href":"https:\/\/www.topigeon.cz\/index.php?rest_route=%2Fwp%2Fv2%2Fmedia&parent=75"}],"wp:term":[{"taxonomy":"product_brand","embeddable":true,"href":"https:\/\/www.topigeon.cz\/index.php?rest_route=%2Fwp%2Fv2%2Fproduct_brand&post=75"},{"taxonomy":"product_cat","embeddable":true,"href":"https:\/\/www.topigeon.cz\/index.php?rest_route=%2Fwp%2Fv2%2Fproduct_cat&post=75"},{"taxonomy":"product_tag","embeddable":true,"href":"https:\/\/www.topigeon.cz\/index.php?rest_route=%2Fwp%2Fv2%2Fproduct_tag&post=75"}],"curies":[{"name":"wp","href":"https:\/\/api.w.org\/{rel}","templated":true}]}}