{"id":799,"date":"2025-03-04T12:21:28","date_gmt":"2025-03-04T11:21:28","guid":{"rendered":"https:\/\/www.topigeon.cz\/?post_type=product&#038;p=799"},"modified":"2026-04-07T16:54:47","modified_gmt":"2026-04-07T14:54:47","slug":"postovni-holubi","status":"publish","type":"product","link":"https:\/\/www.topigeon.cz\/?product=postovni-holubi","title":{"rendered":"Posilova\u010d proudov\u00fd pro ant\u00e9ny"},"content":{"rendered":"<p>Power booster umo\u017e\u0148uje p\u0159idat v\u00edc ant\u00e9n na jedny hodiny iPigeon V8. P\u0159i pou\u017eit\u00ed power boosteru m\u016f\u017eete p\u0159ipojit a\u017e 4ks 4k ant\u00e9n nebo a\u017e 8 1-k ant\u00e9n.<\/p>\n","protected":false},"excerpt":{"rendered":"<p>Power booster umo\u017e\u0148uje p\u0159idat v\u00edc ant\u00e9n na jedny hodiny iPigeon V8. P\u0159i pou\u017eit\u00ed power boosteru m\u016f\u017eete p\u0159ipojit a\u017e 4ks 4k ant\u00e9n nebo a\u017e 8 1-k ant\u00e9n.<\/p>\n","protected":false},"featured_media":800,"template":"","meta":[],"product_brand":[],"product_cat":[16,17],"product_tag":[19,20,21],"class_list":{"0":"post-799","1":"product","2":"type-product","3":"status-publish","4":"has-post-thumbnail","6":"product_cat-eks-topigeon","7":"product_cat-prislusenstvitopigeon","8":"product_tag-eks-topigeon","9":"product_tag-konstatovaci-system","10":"product_tag-postovni-holubi","12":"first","13":"outofstock","14":"sale","15":"taxable","16":"shipping-taxable","17":"purchasable","18":"product-type-simple"},"yoast_head":"<!-- This site is optimized with the Yoast SEO plugin v27.2 - https:\/\/yoast.com\/product\/yoast-seo-wordpress\/ -->\n<title>Posilova\u010d proudov\u00fd pro ant\u00e9ny<\/title>\n<meta name=\"description\" content=\"po\u0161tovn\u00ed holuby, p\u0159\u00edslu\u0161enstv\u00ed k EKS\" \/>\n<meta name=\"robots\" content=\"index, follow, max-snippet:-1, max-image-preview:large, max-video-preview:-1\" \/>\n<link rel=\"canonical\" href=\"https:\/\/www.topigeon.cz\/?product=postovni-holubi\" \/>\n<meta property=\"og:locale\" content=\"cs_CZ\" \/>\n<meta property=\"og:locale:alternate\" content=\"pl_PL\" \/>\n<meta property=\"og:type\" content=\"article\" \/>\n<meta property=\"og:title\" content=\"Posilova\u010d proudov\u00fd pro ant\u00e9ny\" \/>\n<meta property=\"og:description\" content=\"po\u0161tovn\u00ed holuby, p\u0159\u00edslu\u0161enstv\u00ed k EKS\" \/>\n<meta property=\"og:url\" content=\"https:\/\/www.topigeon.cz\/?product=postovni-holubi\" \/>\n<meta property=\"og:site_name\" content=\"topigeon\" \/>\n<meta property=\"article:publisher\" content=\"https:\/\/www.facebook.com\/CihakRacingPigeons\" \/>\n<meta property=\"article:modified_time\" content=\"2026-04-07T14:54:47+00:00\" \/>\n<meta property=\"og:image\" content=\"https:\/\/www.topigeon.cz\/wp-content\/uploads\/2025\/03\/IMG_20250304_121021-scaled.jpg\" \/>\n\t<meta property=\"og:image:width\" content=\"1440\" \/>\n\t<meta property=\"og:image:height\" content=\"2560\" \/>\n\t<meta property=\"og:image:type\" content=\"image\/jpeg\" \/>\n<meta name=\"twitter:card\" content=\"summary_large_image\" \/>\n<meta name=\"twitter:site\" content=\"@TopigeonE\" \/>\n<script type=\"application\/ld+json\" class=\"yoast-schema-graph\">{\"@context\":\"https:\/\/schema.org\",\"@graph\":[{\"@type\":\"WebPage\",\"@id\":\"https:\/\/www.topigeon.cz\/?product=postovni-holubi\",\"url\":\"https:\/\/www.topigeon.cz\/?product=postovni-holubi\",\"name\":\"Posilova\u010d proudov\u00fd pro ant\u00e9ny\",\"isPartOf\":{\"@id\":\"https:\/\/www.topigeon.cz\/#website\"},\"primaryImageOfPage\":{\"@id\":\"https:\/\/www.topigeon.cz\/?product=postovni-holubi#primaryimage\"},\"image\":{\"@id\":\"https:\/\/www.topigeon.cz\/?product=postovni-holubi#primaryimage\"},\"thumbnailUrl\":\"https:\/\/www.topigeon.cz\/wp-content\/uploads\/2025\/03\/IMG_20250304_121021-scaled.jpg\",\"datePublished\":\"2025-03-04T11:21:28+00:00\",\"dateModified\":\"2026-04-07T14:54:47+00:00\",\"description\":\"po\u0161tovn\u00ed holuby, p\u0159\u00edslu\u0161enstv\u00ed k EKS\",\"breadcrumb\":{\"@id\":\"https:\/\/www.topigeon.cz\/?product=postovni-holubi#breadcrumb\"},\"inLanguage\":\"cs-CZ\",\"potentialAction\":[{\"@type\":\"ReadAction\",\"target\":[\"https:\/\/www.topigeon.cz\/?product=postovni-holubi\"]}]},{\"@type\":\"ImageObject\",\"inLanguage\":\"cs-CZ\",\"@id\":\"https:\/\/www.topigeon.cz\/?product=postovni-holubi#primaryimage\",\"url\":\"https:\/\/www.topigeon.cz\/wp-content\/uploads\/2025\/03\/IMG_20250304_121021-scaled.jpg\",\"contentUrl\":\"https:\/\/www.topigeon.cz\/wp-content\/uploads\/2025\/03\/IMG_20250304_121021-scaled.jpg\",\"width\":1440,\"height\":2560,\"caption\":\"Power booster T\"},{\"@type\":\"BreadcrumbList\",\"@id\":\"https:\/\/www.topigeon.cz\/?product=postovni-holubi#breadcrumb\",\"itemListElement\":[{\"@type\":\"ListItem\",\"position\":1,\"name\":\"Home\",\"item\":\"https:\/\/www.topigeon.cz\/\"},{\"@type\":\"ListItem\",\"position\":2,\"name\":\"Ofici\u00e1ln\u00ed E-shop za\u0159\u00edzen\u00ed TOPigeon pro CZ, SK, PL, DE, FR\",\"item\":\"https:\/\/www.topigeon.cz\/\"},{\"@type\":\"ListItem\",\"position\":3,\"name\":\"Posilova\u010d proudov\u00fd pro ant\u00e9ny\"}]},{\"@type\":\"WebSite\",\"@id\":\"https:\/\/www.topigeon.cz\/#website\",\"url\":\"https:\/\/www.topigeon.cz\/\",\"name\":\"topigeon\",\"description\":\"\",\"publisher\":{\"@id\":\"https:\/\/www.topigeon.cz\/#organization\"},\"potentialAction\":[{\"@type\":\"SearchAction\",\"target\":{\"@type\":\"EntryPoint\",\"urlTemplate\":\"https:\/\/www.topigeon.cz\/?s={search_term_string}\"},\"query-input\":{\"@type\":\"PropertyValueSpecification\",\"valueRequired\":true,\"valueName\":\"search_term_string\"}}],\"inLanguage\":\"cs-CZ\"},{\"@type\":\"Organization\",\"@id\":\"https:\/\/www.topigeon.cz\/#organization\",\"name\":\"TOPigeon Central Europe\",\"url\":\"https:\/\/www.topigeon.cz\/\",\"logo\":{\"@type\":\"ImageObject\",\"inLanguage\":\"cs-CZ\",\"@id\":\"https:\/\/www.topigeon.cz\/#\/schema\/logo\/image\/\",\"url\":\"https:\/\/www.topigeon.cz\/wp-content\/uploads\/2020\/11\/cropped-18403412_1170200123108469_8289490797163017582_n-1-3.jpg\",\"contentUrl\":\"https:\/\/www.topigeon.cz\/wp-content\/uploads\/2020\/11\/cropped-18403412_1170200123108469_8289490797163017582_n-1-3.jpg\",\"width\":300,\"height\":135,\"caption\":\"TOPigeon Central Europe\"},\"image\":{\"@id\":\"https:\/\/www.topigeon.cz\/#\/schema\/logo\/image\/\"},\"sameAs\":[\"https:\/\/www.facebook.com\/CihakRacingPigeons\",\"https:\/\/x.com\/TopigeonE\",\"https:\/\/www.youtube.com\/channel\/UCutAH-6wwjb4gP7yq3qj2Lw?view_as=subscriber\"]}]}<\/script>\n<!-- \/ Yoast SEO plugin. -->","yoast_head_json":{"title":"Posilova\u010d proudov\u00fd pro ant\u00e9ny","description":"po\u0161tovn\u00ed holuby, p\u0159\u00edslu\u0161enstv\u00ed k EKS","robots":{"index":"index","follow":"follow","max-snippet":"max-snippet:-1","max-image-preview":"max-image-preview:large","max-video-preview":"max-video-preview:-1"},"canonical":"https:\/\/www.topigeon.cz\/?product=postovni-holubi","og_locale":"cs_CZ","og_type":"article","og_title":"[:cs]Posilova\u010d proudov\u00fd pro ant\u00e9ny[:] - topigeon","og_description":"po\u0161tovn\u00ed holuby, p\u0159\u00edslu\u0161enstv\u00ed k EKS","og_url":"https:\/\/www.topigeon.cz\/?product=postovni-holubi","og_site_name":"topigeon","article_publisher":"https:\/\/www.facebook.com\/CihakRacingPigeons","article_modified_time":"2026-04-07T14:54:47+00:00","og_image":[{"width":1440,"height":2560,"url":"https:\/\/www.topigeon.cz\/wp-content\/uploads\/2025\/03\/IMG_20250304_121021-scaled.jpg","type":"image\/jpeg"}],"twitter_card":"summary_large_image","twitter_site":"@TopigeonE","schema":{"@context":"https:\/\/schema.org","@graph":[{"@type":"WebPage","@id":"https:\/\/www.topigeon.cz\/?product=postovni-holubi","url":"https:\/\/www.topigeon.cz\/?product=postovni-holubi","name":"Posilova\u010d proudov\u00fd pro ant\u00e9ny","isPartOf":{"@id":"https:\/\/www.topigeon.cz\/#website"},"primaryImageOfPage":{"@id":"https:\/\/www.topigeon.cz\/?product=postovni-holubi#primaryimage"},"image":{"@id":"https:\/\/www.topigeon.cz\/?product=postovni-holubi#primaryimage"},"thumbnailUrl":"https:\/\/www.topigeon.cz\/wp-content\/uploads\/2025\/03\/IMG_20250304_121021-scaled.jpg","datePublished":"2025-03-04T11:21:28+00:00","dateModified":"2026-04-07T14:54:47+00:00","description":"po\u0161tovn\u00ed holuby, p\u0159\u00edslu\u0161enstv\u00ed k EKS","breadcrumb":{"@id":"https:\/\/www.topigeon.cz\/?product=postovni-holubi#breadcrumb"},"inLanguage":"cs-CZ","potentialAction":[{"@type":"ReadAction","target":["https:\/\/www.topigeon.cz\/?product=postovni-holubi"]}]},{"@type":"ImageObject","inLanguage":"cs-CZ","@id":"https:\/\/www.topigeon.cz\/?product=postovni-holubi#primaryimage","url":"https:\/\/www.topigeon.cz\/wp-content\/uploads\/2025\/03\/IMG_20250304_121021-scaled.jpg","contentUrl":"https:\/\/www.topigeon.cz\/wp-content\/uploads\/2025\/03\/IMG_20250304_121021-scaled.jpg","width":1440,"height":2560,"caption":"Power booster T"},{"@type":"BreadcrumbList","@id":"https:\/\/www.topigeon.cz\/?product=postovni-holubi#breadcrumb","itemListElement":[{"@type":"ListItem","position":1,"name":"Home","item":"https:\/\/www.topigeon.cz\/"},{"@type":"ListItem","position":2,"name":"Ofici\u00e1ln\u00ed E-shop za\u0159\u00edzen\u00ed TOPigeon pro CZ, SK, PL, DE, FR","item":"https:\/\/www.topigeon.cz\/"},{"@type":"ListItem","position":3,"name":"Posilova\u010d proudov\u00fd pro ant\u00e9ny"}]},{"@type":"WebSite","@id":"https:\/\/www.topigeon.cz\/#website","url":"https:\/\/www.topigeon.cz\/","name":"topigeon","description":"","publisher":{"@id":"https:\/\/www.topigeon.cz\/#organization"},"potentialAction":[{"@type":"SearchAction","target":{"@type":"EntryPoint","urlTemplate":"https:\/\/www.topigeon.cz\/?s={search_term_string}"},"query-input":{"@type":"PropertyValueSpecification","valueRequired":true,"valueName":"search_term_string"}}],"inLanguage":"cs-CZ"},{"@type":"Organization","@id":"https:\/\/www.topigeon.cz\/#organization","name":"TOPigeon Central Europe","url":"https:\/\/www.topigeon.cz\/","logo":{"@type":"ImageObject","inLanguage":"cs-CZ","@id":"https:\/\/www.topigeon.cz\/#\/schema\/logo\/image\/","url":"https:\/\/www.topigeon.cz\/wp-content\/uploads\/2020\/11\/cropped-18403412_1170200123108469_8289490797163017582_n-1-3.jpg","contentUrl":"https:\/\/www.topigeon.cz\/wp-content\/uploads\/2020\/11\/cropped-18403412_1170200123108469_8289490797163017582_n-1-3.jpg","width":300,"height":135,"caption":"TOPigeon Central Europe"},"image":{"@id":"https:\/\/www.topigeon.cz\/#\/schema\/logo\/image\/"},"sameAs":["https:\/\/www.facebook.com\/CihakRacingPigeons","https:\/\/x.com\/TopigeonE","https:\/\/www.youtube.com\/channel\/UCutAH-6wwjb4gP7yq3qj2Lw?view_as=subscriber"]}]}},"_links":{"self":[{"href":"https:\/\/www.topigeon.cz\/index.php?rest_route=\/wp\/v2\/product\/799","targetHints":{"allow":["GET"]}}],"collection":[{"href":"https:\/\/www.topigeon.cz\/index.php?rest_route=\/wp\/v2\/product"}],"about":[{"href":"https:\/\/www.topigeon.cz\/index.php?rest_route=\/wp\/v2\/types\/product"}],"wp:featuredmedia":[{"embeddable":true,"href":"https:\/\/www.topigeon.cz\/index.php?rest_route=\/wp\/v2\/media\/800"}],"wp:attachment":[{"href":"https:\/\/www.topigeon.cz\/index.php?rest_route=%2Fwp%2Fv2%2Fmedia&parent=799"}],"wp:term":[{"taxonomy":"product_brand","embeddable":true,"href":"https:\/\/www.topigeon.cz\/index.php?rest_route=%2Fwp%2Fv2%2Fproduct_brand&post=799"},{"taxonomy":"product_cat","embeddable":true,"href":"https:\/\/www.topigeon.cz\/index.php?rest_route=%2Fwp%2Fv2%2Fproduct_cat&post=799"},{"taxonomy":"product_tag","embeddable":true,"href":"https:\/\/www.topigeon.cz\/index.php?rest_route=%2Fwp%2Fv2%2Fproduct_tag&post=799"}],"curies":[{"name":"wp","href":"https:\/\/api.w.org\/{rel}","templated":true}]}}