{"id":85,"date":"2020-11-16T16:51:32","date_gmt":"2020-11-16T15:51:32","guid":{"rendered":"https:\/\/www.topigeon.cz\/?post_type=product&#038;p=85"},"modified":"2025-03-14T03:09:23","modified_gmt":"2025-03-14T02:09:23","slug":"skyleader-nabijecka-baterii-do-gps-cipu","status":"publish","type":"product","link":"https:\/\/www.topigeon.cz\/?product=skyleader-nabijecka-baterii-do-gps-cipu","title":{"rendered":"Skyleader nab\u00edje\u010dka bateri\u00ed do GPS \u010dip\u016f"},"content":{"rendered":"<p>Skyleader nab\u00edje\u010dka bateri\u00ed do GPS \u010dip\u016f<\/p>\n","protected":false},"excerpt":{"rendered":"<p>Skyleader nab\u00edje\u010dka bateri\u00ed do GPS \u010dip\u016f<\/p>\n","protected":false},"featured_media":41,"template":"","meta":[],"product_brand":[],"product_cat":[18],"product_tag":[33,32,30,34],"class_list":{"0":"post-85","1":"product","2":"type-product","3":"status-publish","4":"has-post-thumbnail","6":"product_cat-prislusenstviskyleader","7":"product_tag-baterie","8":"product_tag-skyleader-gps-cip","9":"product_tag-skyleader-gps-sledovani-holubu","10":"product_tag-skyleader-nabijecka","12":"first","13":"outofstock","14":"taxable","15":"shipping-taxable","16":"purchasable","17":"product-type-simple"},"yoast_head":"<!-- This site is optimized with the Yoast SEO plugin v27.2 - https:\/\/yoast.com\/product\/yoast-seo-wordpress\/ -->\n<title>Skyleader nab\u00edje\u010dka bateri\u00ed do GPS \u010dip\u016f<\/title>\n<meta name=\"robots\" content=\"index, follow, max-snippet:-1, max-image-preview:large, max-video-preview:-1\" \/>\n<link rel=\"canonical\" href=\"https:\/\/www.topigeon.cz\/?product=skyleader-nabijecka-baterii-do-gps-cipu\" \/>\n<meta property=\"og:locale\" content=\"cs_CZ\" \/>\n<meta property=\"og:locale:alternate\" content=\"pl_PL\" \/>\n<meta property=\"og:type\" content=\"article\" \/>\n<meta property=\"og:title\" content=\"Skyleader nab\u00edje\u010dka bateri\u00ed do GPS \u010dip\u016f\" \/>\n<meta property=\"og:description\" content=\"Skyleader nab\u00edje\u010dka bateri\u00ed do GPS \u010dip\u016f\" \/>\n<meta property=\"og:url\" content=\"https:\/\/www.topigeon.cz\/?product=skyleader-nabijecka-baterii-do-gps-cipu\" \/>\n<meta property=\"og:site_name\" content=\"topigeon\" \/>\n<meta property=\"article:publisher\" content=\"https:\/\/www.facebook.com\/CihakRacingPigeons\" \/>\n<meta property=\"article:modified_time\" content=\"2025-03-14T02:09:23+00:00\" \/>\n<meta property=\"og:image\" content=\"https:\/\/www.topigeon.cz\/wp-content\/uploads\/2020\/11\/Charge01_resize.jpg\" \/>\n\t<meta property=\"og:image:width\" content=\"1024\" \/>\n\t<meta property=\"og:image:height\" content=\"768\" \/>\n\t<meta property=\"og:image:type\" content=\"image\/jpeg\" \/>\n<meta name=\"twitter:card\" content=\"summary_large_image\" \/>\n<meta name=\"twitter:site\" content=\"@TopigeonE\" \/>\n<script type=\"application\/ld+json\" class=\"yoast-schema-graph\">{\"@context\":\"https:\/\/schema.org\",\"@graph\":[{\"@type\":\"WebPage\",\"@id\":\"https:\/\/www.topigeon.cz\/pl\/?product=skyleader-nabijecka-baterii-do-gps-cipu\",\"url\":\"https:\/\/www.topigeon.cz\/pl\/?product=skyleader-nabijecka-baterii-do-gps-cipu\",\"name\":\"Skyleader nab\u00edje\u010dka bateri\u00ed do GPS \u010dip\u016f\",\"isPartOf\":{\"@id\":\"https:\/\/www.topigeon.cz\/#website\"},\"primaryImageOfPage\":{\"@id\":\"https:\/\/www.topigeon.cz\/pl\/?product=skyleader-nabijecka-baterii-do-gps-cipu#primaryimage\"},\"image\":{\"@id\":\"https:\/\/www.topigeon.cz\/pl\/?product=skyleader-nabijecka-baterii-do-gps-cipu#primaryimage\"},\"thumbnailUrl\":\"https:\/\/www.topigeon.cz\/wp-content\/uploads\/2020\/11\/Charge01_resize.jpg\",\"datePublished\":\"2020-11-16T15:51:32+00:00\",\"dateModified\":\"2025-03-14T02:09:23+00:00\",\"breadcrumb\":{\"@id\":\"https:\/\/www.topigeon.cz\/pl\/?product=skyleader-nabijecka-baterii-do-gps-cipu#breadcrumb\"},\"inLanguage\":\"cs-CZ\",\"potentialAction\":[{\"@type\":\"ReadAction\",\"target\":[\"https:\/\/www.topigeon.cz\/pl\/?product=skyleader-nabijecka-baterii-do-gps-cipu\"]}]},{\"@type\":\"ImageObject\",\"inLanguage\":\"cs-CZ\",\"@id\":\"https:\/\/www.topigeon.cz\/pl\/?product=skyleader-nabijecka-baterii-do-gps-cipu#primaryimage\",\"url\":\"https:\/\/www.topigeon.cz\/wp-content\/uploads\/2020\/11\/Charge01_resize.jpg\",\"contentUrl\":\"https:\/\/www.topigeon.cz\/wp-content\/uploads\/2020\/11\/Charge01_resize.jpg\",\"width\":1024,\"height\":768},{\"@type\":\"BreadcrumbList\",\"@id\":\"https:\/\/www.topigeon.cz\/pl\/?product=skyleader-nabijecka-baterii-do-gps-cipu#breadcrumb\",\"itemListElement\":[{\"@type\":\"ListItem\",\"position\":1,\"name\":\"Home\",\"item\":\"https:\/\/www.topigeon.cz\/\"},{\"@type\":\"ListItem\",\"position\":2,\"name\":\"Ofici\u00e1ln\u00ed E-shop za\u0159\u00edzen\u00ed TOPigeon pro CZ, SK, PL, DE, FR\",\"item\":\"https:\/\/www.topigeon.cz\/\"},{\"@type\":\"ListItem\",\"position\":3,\"name\":\"Skyleader nab\u00edje\u010dka bateri\u00ed do GPS \u010dip\u016f\"}]},{\"@type\":\"WebSite\",\"@id\":\"https:\/\/www.topigeon.cz\/#website\",\"url\":\"https:\/\/www.topigeon.cz\/\",\"name\":\"topigeon\",\"description\":\"\",\"publisher\":{\"@id\":\"https:\/\/www.topigeon.cz\/#organization\"},\"potentialAction\":[{\"@type\":\"SearchAction\",\"target\":{\"@type\":\"EntryPoint\",\"urlTemplate\":\"https:\/\/www.topigeon.cz\/?s={search_term_string}\"},\"query-input\":{\"@type\":\"PropertyValueSpecification\",\"valueRequired\":true,\"valueName\":\"search_term_string\"}}],\"inLanguage\":\"cs-CZ\"},{\"@type\":\"Organization\",\"@id\":\"https:\/\/www.topigeon.cz\/#organization\",\"name\":\"TOPigeon Central Europe\",\"url\":\"https:\/\/www.topigeon.cz\/\",\"logo\":{\"@type\":\"ImageObject\",\"inLanguage\":\"cs-CZ\",\"@id\":\"https:\/\/www.topigeon.cz\/#\/schema\/logo\/image\/\",\"url\":\"https:\/\/www.topigeon.cz\/wp-content\/uploads\/2020\/11\/cropped-18403412_1170200123108469_8289490797163017582_n-1-3.jpg\",\"contentUrl\":\"https:\/\/www.topigeon.cz\/wp-content\/uploads\/2020\/11\/cropped-18403412_1170200123108469_8289490797163017582_n-1-3.jpg\",\"width\":300,\"height\":135,\"caption\":\"TOPigeon Central Europe\"},\"image\":{\"@id\":\"https:\/\/www.topigeon.cz\/#\/schema\/logo\/image\/\"},\"sameAs\":[\"https:\/\/www.facebook.com\/CihakRacingPigeons\",\"https:\/\/x.com\/TopigeonE\",\"https:\/\/www.youtube.com\/channel\/UCutAH-6wwjb4gP7yq3qj2Lw?view_as=subscriber\"]}]}<\/script>\n<!-- \/ Yoast SEO plugin. -->","yoast_head_json":{"title":"Skyleader nab\u00edje\u010dka bateri\u00ed do GPS \u010dip\u016f","robots":{"index":"index","follow":"follow","max-snippet":"max-snippet:-1","max-image-preview":"max-image-preview:large","max-video-preview":"max-video-preview:-1"},"canonical":"https:\/\/www.topigeon.cz\/?product=skyleader-nabijecka-baterii-do-gps-cipu","og_locale":"cs_CZ","og_type":"article","og_title":"[:cs]Skyleader nab\u00edje\u010dka bateri\u00ed do GPS \u010dip\u016f[:] - topigeon","og_description":"Skyleader nab\u00edje\u010dka bateri\u00ed do GPS \u010dip\u016f","og_url":"https:\/\/www.topigeon.cz\/?product=skyleader-nabijecka-baterii-do-gps-cipu","og_site_name":"topigeon","article_publisher":"https:\/\/www.facebook.com\/CihakRacingPigeons","article_modified_time":"2025-03-14T02:09:23+00:00","og_image":[{"width":1024,"height":768,"url":"https:\/\/www.topigeon.cz\/wp-content\/uploads\/2020\/11\/Charge01_resize.jpg","type":"image\/jpeg"}],"twitter_card":"summary_large_image","twitter_site":"@TopigeonE","schema":{"@context":"https:\/\/schema.org","@graph":[{"@type":"WebPage","@id":"https:\/\/www.topigeon.cz\/pl\/?product=skyleader-nabijecka-baterii-do-gps-cipu","url":"https:\/\/www.topigeon.cz\/pl\/?product=skyleader-nabijecka-baterii-do-gps-cipu","name":"Skyleader nab\u00edje\u010dka bateri\u00ed do GPS \u010dip\u016f","isPartOf":{"@id":"https:\/\/www.topigeon.cz\/#website"},"primaryImageOfPage":{"@id":"https:\/\/www.topigeon.cz\/pl\/?product=skyleader-nabijecka-baterii-do-gps-cipu#primaryimage"},"image":{"@id":"https:\/\/www.topigeon.cz\/pl\/?product=skyleader-nabijecka-baterii-do-gps-cipu#primaryimage"},"thumbnailUrl":"https:\/\/www.topigeon.cz\/wp-content\/uploads\/2020\/11\/Charge01_resize.jpg","datePublished":"2020-11-16T15:51:32+00:00","dateModified":"2025-03-14T02:09:23+00:00","breadcrumb":{"@id":"https:\/\/www.topigeon.cz\/pl\/?product=skyleader-nabijecka-baterii-do-gps-cipu#breadcrumb"},"inLanguage":"cs-CZ","potentialAction":[{"@type":"ReadAction","target":["https:\/\/www.topigeon.cz\/pl\/?product=skyleader-nabijecka-baterii-do-gps-cipu"]}]},{"@type":"ImageObject","inLanguage":"cs-CZ","@id":"https:\/\/www.topigeon.cz\/pl\/?product=skyleader-nabijecka-baterii-do-gps-cipu#primaryimage","url":"https:\/\/www.topigeon.cz\/wp-content\/uploads\/2020\/11\/Charge01_resize.jpg","contentUrl":"https:\/\/www.topigeon.cz\/wp-content\/uploads\/2020\/11\/Charge01_resize.jpg","width":1024,"height":768},{"@type":"BreadcrumbList","@id":"https:\/\/www.topigeon.cz\/pl\/?product=skyleader-nabijecka-baterii-do-gps-cipu#breadcrumb","itemListElement":[{"@type":"ListItem","position":1,"name":"Home","item":"https:\/\/www.topigeon.cz\/"},{"@type":"ListItem","position":2,"name":"Ofici\u00e1ln\u00ed E-shop za\u0159\u00edzen\u00ed TOPigeon pro CZ, SK, PL, DE, FR","item":"https:\/\/www.topigeon.cz\/"},{"@type":"ListItem","position":3,"name":"Skyleader nab\u00edje\u010dka bateri\u00ed do GPS \u010dip\u016f"}]},{"@type":"WebSite","@id":"https:\/\/www.topigeon.cz\/#website","url":"https:\/\/www.topigeon.cz\/","name":"topigeon","description":"","publisher":{"@id":"https:\/\/www.topigeon.cz\/#organization"},"potentialAction":[{"@type":"SearchAction","target":{"@type":"EntryPoint","urlTemplate":"https:\/\/www.topigeon.cz\/?s={search_term_string}"},"query-input":{"@type":"PropertyValueSpecification","valueRequired":true,"valueName":"search_term_string"}}],"inLanguage":"cs-CZ"},{"@type":"Organization","@id":"https:\/\/www.topigeon.cz\/#organization","name":"TOPigeon Central Europe","url":"https:\/\/www.topigeon.cz\/","logo":{"@type":"ImageObject","inLanguage":"cs-CZ","@id":"https:\/\/www.topigeon.cz\/#\/schema\/logo\/image\/","url":"https:\/\/www.topigeon.cz\/wp-content\/uploads\/2020\/11\/cropped-18403412_1170200123108469_8289490797163017582_n-1-3.jpg","contentUrl":"https:\/\/www.topigeon.cz\/wp-content\/uploads\/2020\/11\/cropped-18403412_1170200123108469_8289490797163017582_n-1-3.jpg","width":300,"height":135,"caption":"TOPigeon Central Europe"},"image":{"@id":"https:\/\/www.topigeon.cz\/#\/schema\/logo\/image\/"},"sameAs":["https:\/\/www.facebook.com\/CihakRacingPigeons","https:\/\/x.com\/TopigeonE","https:\/\/www.youtube.com\/channel\/UCutAH-6wwjb4gP7yq3qj2Lw?view_as=subscriber"]}]}},"_links":{"self":[{"href":"https:\/\/www.topigeon.cz\/index.php?rest_route=\/wp\/v2\/product\/85","targetHints":{"allow":["GET"]}}],"collection":[{"href":"https:\/\/www.topigeon.cz\/index.php?rest_route=\/wp\/v2\/product"}],"about":[{"href":"https:\/\/www.topigeon.cz\/index.php?rest_route=\/wp\/v2\/types\/product"}],"wp:featuredmedia":[{"embeddable":true,"href":"https:\/\/www.topigeon.cz\/index.php?rest_route=\/wp\/v2\/media\/41"}],"wp:attachment":[{"href":"https:\/\/www.topigeon.cz\/index.php?rest_route=%2Fwp%2Fv2%2Fmedia&parent=85"}],"wp:term":[{"taxonomy":"product_brand","embeddable":true,"href":"https:\/\/www.topigeon.cz\/index.php?rest_route=%2Fwp%2Fv2%2Fproduct_brand&post=85"},{"taxonomy":"product_cat","embeddable":true,"href":"https:\/\/www.topigeon.cz\/index.php?rest_route=%2Fwp%2Fv2%2Fproduct_cat&post=85"},{"taxonomy":"product_tag","embeddable":true,"href":"https:\/\/www.topigeon.cz\/index.php?rest_route=%2Fwp%2Fv2%2Fproduct_tag&post=85"}],"curies":[{"name":"wp","href":"https:\/\/api.w.org\/{rel}","templated":true}]}}